{"id":17,"date":"2020-03-06T06:27:26","date_gmt":"2020-03-06T14:27:26","guid":{"rendered":"http:\/\/automationalli.wpengine.com\/?page_id=17"},"modified":"2022-05-10T09:16:14","modified_gmt":"2022-05-10T16:16:14","slug":"about-us","status":"publish","type":"page","link":"https:\/\/www.automationalliance.net\/it\/about-us\/","title":{"rendered":"CHI SIAMO"},"content":{"rendered":"<div data-elementor-type=\"wp-page\" data-elementor-id=\"17\" class=\"elementor elementor-17\" data-elementor-post-type=\"page\">\n\t\t\t\t\t\t<section class=\"elementor-section elementor-top-section elementor-element elementor-element-ab922e2 elementor-section-height-min-height elementor-section-boxed elementor-section-height-default elementor-section-items-middle\" data-id=\"ab922e2\" data-element_type=\"section\" data-e-type=\"section\" data-settings=\"{&quot;background_background&quot;:&quot;classic&quot;}\">\n\t\t\t\t\t\t\t<div class=\"elementor-background-overlay\"><\/div>\n\t\t\t\t\t\t\t<div class=\"elementor-container elementor-column-gap-default\">\n\t\t\t\t\t<div class=\"elementor-column elementor-col-100 elementor-top-column elementor-element elementor-element-d5d552d\" data-id=\"d5d552d\" data-element_type=\"column\" data-e-type=\"column\">\n\t\t\t<div class=\"elementor-widget-wrap elementor-element-populated\">\n\t\t\t\t\t\t<div class=\"elementor-element elementor-element-37655a9 elementor-widget elementor-widget-heading\" data-id=\"37655a9\" data-element_type=\"widget\" data-e-type=\"widget\" data-widget_type=\"heading.default\">\n\t\t\t\t<div class=\"elementor-widget-container\">\n\t\t\t\t\t<h1 class=\"elementor-heading-title elementor-size-default\">CHI SIAMO<\/h1>\t\t\t\t<\/div>\n\t\t\t\t<\/div>\n\t\t\t\t\t<\/div>\n\t\t<\/div>\n\t\t\t\t\t<\/div>\n\t\t<\/section>\n\t\t\t\t<section class=\"elementor-section elementor-top-section elementor-element elementor-element-cf240c0 elementor-section-boxed elementor-section-height-default elementor-section-height-default\" data-id=\"cf240c0\" data-element_type=\"section\" data-e-type=\"section\" data-settings=\"{&quot;background_background&quot;:&quot;classic&quot;}\">\n\t\t\t\t\t\t<div class=\"elementor-container elementor-column-gap-default\">\n\t\t\t\t\t<div class=\"elementor-column elementor-col-100 elementor-top-column elementor-element elementor-element-01ae2f0 elementor-invisible\" data-id=\"01ae2f0\" data-element_type=\"column\" data-e-type=\"column\" data-settings=\"{&quot;background_background&quot;:&quot;classic&quot;,&quot;animation&quot;:&quot;fadeInUp&quot;}\">\n\t\t\t<div class=\"elementor-widget-wrap elementor-element-populated\">\n\t\t\t\t\t\t<div class=\"elementor-element elementor-element-bb2080e elementor-widget elementor-widget-text-editor\" data-id=\"bb2080e\" data-element_type=\"widget\" data-e-type=\"widget\" data-widget_type=\"text-editor.default\">\n\t\t\t\t<div class=\"elementor-widget-container\">\n\t\t\t\t\t\t\t\t\t<p>L\u2019Automation Alliance Group \u00e8 nato con l\u2019intento di offrire le proprie competenze su tematiche tecniche, geografiche e culturali in tutto il mondo attraverso i principali system integrator.<\/p><p>Cada miembro es un integrador independiente de sistemas de control que representa la experiencia dentro de un \u00e1rea geogr\u00e1fica o t\u00e9cnica en particular, y que sirve una amplia base de clientes locales e internacionales.<\/p><p>I membri dell\u2019Alliance hanno completa autonomia e offrono separatamente i propri servizi ai clienti. Quando necessario, lavorano in team per offrire esperienza, conoscenza globale e riduzione dei costi ai clienti con necessit\u00e0 internazionali. Lavorando assieme, i membri dell\u2019Alliance possono comporre team imbattibili nel risolvere specifici progetti e consegnare con affidabilit\u00e0 soluzioni internazionali a costi competitivi.<\/p><p>L\u2019Alliance nasce per aiutarti a gestire il tuo business globale. I membri dell\u2019AAG si scambiano informazioni professionali a proposito di procedure locali e globali, e si scambiano idee, in modo da migliorare le reciproche abilit\u00e0 nel rispondere alle necessit\u00e0 dei clienti. I membri hanno conoscenza profonda di leggi locali, codici , prassi e protocolli. Hanno anche una profonda comprensione del business e dell\u2019ambiente \u201cpolitico\u201d nei propri mercati. Oltre ad essere ben radicati nelle loro origini locali, i membri dell\u2019Alliance hanno uno sguardo internazionale, e sono in grado di sostenere le necessit\u00e0 dei clienti in tutto il mondo.<\/p>\t\t\t\t\t\t\t\t<\/div>\n\t\t\t\t<\/div>\n\t\t\t\t<div class=\"elementor-element elementor-element-f361014 elementor-widget elementor-widget-heading\" data-id=\"f361014\" data-element_type=\"widget\" data-e-type=\"widget\" data-widget_type=\"heading.default\">\n\t\t\t\t<div class=\"elementor-widget-container\">\n\t\t\t\t\t<h2 class=\"elementor-heading-title elementor-size-default\">Ambito di lavoro<\/h2>\t\t\t\t<\/div>\n\t\t\t\t<\/div>\n\t\t\t\t<div class=\"elementor-element elementor-element-5e8f254 elementor-widget elementor-widget-text-editor\" data-id=\"5e8f254\" data-element_type=\"widget\" data-e-type=\"widget\" data-widget_type=\"text-editor.default\">\n\t\t\t\t<div class=\"elementor-widget-container\">\n\t\t\t\t\t\t\t\t\t<ul><li>Consulenza<\/li><li>Project Management<\/li><li>Systems Engineering e Design<\/li><li>Programmazione<\/li><li>Installazione sul campo ed avviamento<\/li><li>Formazione<\/li><li>Supporto<\/li><li>Sistemi MES (Manufacturing Execution Systems)<\/li><\/ul>\t\t\t\t\t\t\t\t<\/div>\n\t\t\t\t<\/div>\n\t\t\t\t\t<\/div>\n\t\t<\/div>\n\t\t\t\t\t<\/div>\n\t\t<\/section>\n\t\t\t\t<\/div>","protected":false},"excerpt":{"rendered":"<p>About Us The Automation Alliance Group was born from a vision to provide expertise in technical, geographical and cultural matters across the globe through leading control systems integration firms. Each member of the Alliance is an independent control systems integrator representing expertise within a particular geographic or technical area, and serving a broad base of [&hellip;]<\/p>\n","protected":false},"author":2,"featured_media":0,"parent":0,"menu_order":0,"comment_status":"closed","ping_status":"closed","template":"","meta":{"footnotes":""},"class_list":["post-17","page","type-page","status-publish","hentry"],"yoast_head":"<!-- This site is optimized with the Yoast SEO plugin v27.5 - https:\/\/yoast.com\/product\/yoast-seo-wordpress\/ -->\n<title>About Us - Automation Alliance Group<\/title>\n<meta name=\"description\" content=\"AAG was born from a vision to provide expertise in global technical, geographical &amp; cultural matters through leading control systems integration firms.\" \/>\n<meta name=\"robots\" content=\"index, follow, max-snippet:-1, max-image-preview:large, max-video-preview:-1\" \/>\n<link rel=\"canonical\" href=\"https:\/\/www.automationalliance.net\/it\/about-us\/\" \/>\n<meta property=\"og:locale\" content=\"it_IT\" \/>\n<meta property=\"og:type\" content=\"article\" \/>\n<meta property=\"og:title\" content=\"About Us - Automation Alliance Group\" \/>\n<meta property=\"og:description\" content=\"AAG was born from a vision to provide expertise in global technical, geographical &amp; cultural matters through leading control systems integration firms.\" \/>\n<meta property=\"og:url\" content=\"https:\/\/www.automationalliance.net\/it\/about-us\/\" \/>\n<meta property=\"og:site_name\" content=\"Automation Alliance Group\" \/>\n<meta property=\"article:modified_time\" content=\"2022-05-10T16:16:14+00:00\" \/>\n<meta name=\"twitter:card\" content=\"summary_large_image\" \/>\n<meta name=\"twitter:label1\" content=\"Tempo di lettura stimato\" \/>\n\t<meta name=\"twitter:data1\" content=\"2 minuti\" \/>\n<script type=\"application\/ld+json\" class=\"yoast-schema-graph\">{\"@context\":\"https:\\\/\\\/schema.org\",\"@graph\":[{\"@type\":\"WebPage\",\"@id\":\"https:\\\/\\\/www.automationalliance.net\\\/about-us\\\/\",\"url\":\"https:\\\/\\\/www.automationalliance.net\\\/about-us\\\/\",\"name\":\"About Us - Automation Alliance Group\",\"isPartOf\":{\"@id\":\"https:\\\/\\\/www.automationalliance.net\\\/#website\"},\"datePublished\":\"2020-03-06T14:27:26+00:00\",\"dateModified\":\"2022-05-10T16:16:14+00:00\",\"description\":\"AAG was born from a vision to provide expertise in global technical, geographical & cultural matters through leading control systems integration firms.\",\"breadcrumb\":{\"@id\":\"https:\\\/\\\/www.automationalliance.net\\\/about-us\\\/#breadcrumb\"},\"inLanguage\":\"it-IT\",\"potentialAction\":[{\"@type\":\"ReadAction\",\"target\":[\"https:\\\/\\\/www.automationalliance.net\\\/about-us\\\/\"]}]},{\"@type\":\"BreadcrumbList\",\"@id\":\"https:\\\/\\\/www.automationalliance.net\\\/about-us\\\/#breadcrumb\",\"itemListElement\":[{\"@type\":\"ListItem\",\"position\":1,\"name\":\"Home\",\"item\":\"https:\\\/\\\/www.automationalliance.net\\\/\"},{\"@type\":\"ListItem\",\"position\":2,\"name\":\"About Us\"}]},{\"@type\":\"WebSite\",\"@id\":\"https:\\\/\\\/www.automationalliance.net\\\/#website\",\"url\":\"https:\\\/\\\/www.automationalliance.net\\\/\",\"name\":\"Automation Alliance Group\",\"description\":\"\",\"potentialAction\":[{\"@type\":\"SearchAction\",\"target\":{\"@type\":\"EntryPoint\",\"urlTemplate\":\"https:\\\/\\\/www.automationalliance.net\\\/?s={search_term_string}\"},\"query-input\":{\"@type\":\"PropertyValueSpecification\",\"valueRequired\":true,\"valueName\":\"search_term_string\"}}],\"inLanguage\":\"it-IT\"}]}<\/script>\n<!-- \/ Yoast SEO plugin. -->","yoast_head_json":{"title":"About Us - Automation Alliance Group","description":"AAG was born from a vision to provide expertise in global technical, geographical & cultural matters through leading control systems integration firms.","robots":{"index":"index","follow":"follow","max-snippet":"max-snippet:-1","max-image-preview":"max-image-preview:large","max-video-preview":"max-video-preview:-1"},"canonical":"https:\/\/www.automationalliance.net\/it\/about-us\/","og_locale":"it_IT","og_type":"article","og_title":"About Us - Automation Alliance Group","og_description":"AAG was born from a vision to provide expertise in global technical, geographical & cultural matters through leading control systems integration firms.","og_url":"https:\/\/www.automationalliance.net\/it\/about-us\/","og_site_name":"Automation Alliance Group","article_modified_time":"2022-05-10T16:16:14+00:00","twitter_card":"summary_large_image","twitter_misc":{"Tempo di lettura stimato":"2 minuti"},"schema":{"@context":"https:\/\/schema.org","@graph":[{"@type":"WebPage","@id":"https:\/\/www.automationalliance.net\/about-us\/","url":"https:\/\/www.automationalliance.net\/about-us\/","name":"About Us - Automation Alliance Group","isPartOf":{"@id":"https:\/\/www.automationalliance.net\/#website"},"datePublished":"2020-03-06T14:27:26+00:00","dateModified":"2022-05-10T16:16:14+00:00","description":"AAG was born from a vision to provide expertise in global technical, geographical & cultural matters through leading control systems integration firms.","breadcrumb":{"@id":"https:\/\/www.automationalliance.net\/about-us\/#breadcrumb"},"inLanguage":"it-IT","potentialAction":[{"@type":"ReadAction","target":["https:\/\/www.automationalliance.net\/about-us\/"]}]},{"@type":"BreadcrumbList","@id":"https:\/\/www.automationalliance.net\/about-us\/#breadcrumb","itemListElement":[{"@type":"ListItem","position":1,"name":"Home","item":"https:\/\/www.automationalliance.net\/"},{"@type":"ListItem","position":2,"name":"About Us"}]},{"@type":"WebSite","@id":"https:\/\/www.automationalliance.net\/#website","url":"https:\/\/www.automationalliance.net\/","name":"Automation Alliance Group","description":"","potentialAction":[{"@type":"SearchAction","target":{"@type":"EntryPoint","urlTemplate":"https:\/\/www.automationalliance.net\/?s={search_term_string}"},"query-input":{"@type":"PropertyValueSpecification","valueRequired":true,"valueName":"search_term_string"}}],"inLanguage":"it-IT"}]}},"_links":{"self":[{"href":"https:\/\/www.automationalliance.net\/it\/wp-json\/wp\/v2\/pages\/17","targetHints":{"allow":["GET"]}}],"collection":[{"href":"https:\/\/www.automationalliance.net\/it\/wp-json\/wp\/v2\/pages"}],"about":[{"href":"https:\/\/www.automationalliance.net\/it\/wp-json\/wp\/v2\/types\/page"}],"author":[{"embeddable":true,"href":"https:\/\/www.automationalliance.net\/it\/wp-json\/wp\/v2\/users\/2"}],"replies":[{"embeddable":true,"href":"https:\/\/www.automationalliance.net\/it\/wp-json\/wp\/v2\/comments?post=17"}],"version-history":[{"count":0,"href":"https:\/\/www.automationalliance.net\/it\/wp-json\/wp\/v2\/pages\/17\/revisions"}],"wp:attachment":[{"href":"https:\/\/www.automationalliance.net\/it\/wp-json\/wp\/v2\/media?parent=17"}],"curies":[{"name":"wp","href":"https:\/\/api.w.org\/{rel}","templated":true}]}}