{"id":74,"date":"2020-03-18T12:05:39","date_gmt":"2020-03-18T19:05:39","guid":{"rendered":"https:\/\/automationalli.wpengine.com\/?page_id=74"},"modified":"2021-12-04T08:20:26","modified_gmt":"2021-12-04T16:20:26","slug":"sage-automation","status":"publish","type":"page","link":"https:\/\/www.automationalliance.net\/es\/members\/sage-automation\/","title":{"rendered":"SAGE Automation"},"content":{"rendered":"<div data-elementor-type=\"wp-page\" data-elementor-id=\"74\" class=\"elementor elementor-74\" data-elementor-post-type=\"page\">\n\t\t\t\t\t\t<section class=\"elementor-section elementor-top-section elementor-element elementor-element-14522d7 elementor-section-height-min-height elementor-section-boxed elementor-section-height-default elementor-section-items-middle\" data-id=\"14522d7\" data-element_type=\"section\" data-e-type=\"section\" data-settings=\"{&quot;background_background&quot;:&quot;classic&quot;}\">\n\t\t\t\t\t\t\t<div class=\"elementor-background-overlay\"><\/div>\n\t\t\t\t\t\t\t<div class=\"elementor-container elementor-column-gap-default\">\n\t\t\t\t\t<div class=\"elementor-column elementor-col-100 elementor-top-column elementor-element elementor-element-e636613\" data-id=\"e636613\" data-element_type=\"column\" data-e-type=\"column\">\n\t\t\t<div class=\"elementor-widget-wrap elementor-element-populated\">\n\t\t\t\t\t\t<div class=\"elementor-element elementor-element-ebede83 elementor-widget elementor-widget-heading\" data-id=\"ebede83\" data-element_type=\"widget\" data-e-type=\"widget\" data-widget_type=\"heading.default\">\n\t\t\t\t<div class=\"elementor-widget-container\">\n\t\t\t\t\t<h1 class=\"elementor-heading-title elementor-size-default\">SAGE Group<\/h1>\t\t\t\t<\/div>\n\t\t\t\t<\/div>\n\t\t\t\t\t<\/div>\n\t\t<\/div>\n\t\t\t\t\t<\/div>\n\t\t<\/section>\n\t\t\t\t<section class=\"elementor-section elementor-top-section elementor-element elementor-element-556b783 elementor-section-boxed elementor-section-height-default elementor-section-height-default\" data-id=\"556b783\" data-element_type=\"section\" data-e-type=\"section\">\n\t\t\t\t\t\t<div class=\"elementor-container elementor-column-gap-default\">\n\t\t\t\t\t<div class=\"elementor-column elementor-col-50 elementor-top-column elementor-element elementor-element-f7ad3a4\" data-id=\"f7ad3a4\" data-element_type=\"column\" data-e-type=\"column\">\n\t\t\t<div class=\"elementor-widget-wrap elementor-element-populated\">\n\t\t\t\t\t\t<div class=\"elementor-element elementor-element-72b1cbe elementor-widget elementor-widget-text-editor\" data-id=\"72b1cbe\" data-element_type=\"widget\" data-e-type=\"widget\" data-widget_type=\"text-editor.default\">\n\t\t\t\t<div class=\"elementor-widget-container\">\n\t\t\t\t\t\t\t\t\t<p>SAGE Group is a global company with a team of more than 570 people spread across two continents. As an integrated industrial digitalisation services provider, SAGE combines the perfect balance of technology, process, and capability.<\/p><p>SAGE Group includes specialist offerings \u2013 SAGE Automation, Nukon, Embedded Expertise and Skills Lab \u2013 that together deliver seamless support and provide the keys to successfully accelerating our clients on their digital journey.<\/p><p>Our purpose is to partner with clients across defence, energy, manufacturing, resources, utilities, transport, and water sectors to create a smarter future, better world.<\/p><h3>Empresas del Grupo SAGE<\/h3><p><strong>SAGE Automation <\/strong><\/p><p>SAGE Automation is Australia\u2019s leading independent industrial automation and control systems integrator, providing industrial automation design, delivery, and support to deliver operational breakthroughs for our clients.<\/p><p>We deliver agile, scalable and secure automation, control and digital solutions, bringing the best thinking to:<\/p><p>\u25cf\tProyectos: Dise\u00f1o, ingenier\u00eda y entrega de proyectos de automatizaci\u00f3n y control de principio a fin.<\/p><p>Manufacture: Control panel, switchboard and specialist advanced manufacturing services<\/p><p>\u25cf\tOperaciones de Activos: Experiencia, tecnolog\u00edas y conocimientos para impulsar un rendimiento de activos m\u00e1s inteligente, desde fallas hasta la predicci\u00f3n de vida \u00fatil en la gesti\u00f3n de un activo.<\/p><p><a href=\"https:\/\/www.sageautomation.com\/\">https:\/\/www.sageautomation.com\/<\/a><\/p><p><strong>Nukon<\/strong><\/p><p>Nukon specialises in delivering data-driven business transformation for companies that want to be future ready.<\/p><p>Nukon\u2019s independent, custom-designed solutions combine strategy, analysis and technology to give visibility into key business processes, so they can be optimised. These consulting and agile implementations enable a collaborative and iterative way to implement solutions that are fit-for-purpose, reliable, cost-effective and have an instant impact on business output.<\/p><p>Nukon ofrece una optimizaci\u00f3n empresarial totalmente integrada, desde la cadena de suministro hasta operaciones, la planta de producci\u00f3n, IT, ingenier\u00eda y sistemas empresariales.<\/p><p><a href=\"https:\/\/www.nukon.com\/\">https:\/\/www.nukon.com\/<\/a><\/p><p><strong>Embedded Expertise<\/strong><\/p><p>Embedded Expertise helps clients respond dynamically to opportunities by integrating some of the industry\u2019s finest industrial engineering and tech minds into your team, when and where you need them. Embedded Expertise brings a smarter, unique approach to sourcing and selecting talent through deep industry connections.<\/p><p><a href=\"https:\/\/www.embeddedexpertise.com\/\">https:\/\/www.embeddedexpertise.com\/<\/a><\/p><p><strong>Skills Lab<\/strong><\/p><p>Building your team\u2019s Industry 4.0 capability through industry-derived training courses, ensuring individuals and organisations have the skills needed for what\u2019s ahead.<\/p><p>A Registered Training Organisation (RTO), Skills Lab provides accredited and non-accredited course options include automation, instrumentation, PLC, SCADA and hazardous area training, delivered in-person or cyber-physically. To meet a growing demand for industrial digitalisation skillsets, Skills Lab recently launched micro-credentials, as well as a Diploma in Applied Technologies, specifically designed to enable industry to harness the benefits of connected technology and big data.<\/p><p><a href=\"https:\/\/www.skillslab.edu.au\/\">https:\/\/www.skillslab.edu.au\/<\/a><\/p><p><strong>TilliT<\/strong><\/p><p>TilliT is a cloud-based digital factory platform that delivers forward-looking insights, real-time visibility, and operational control to your facility. TilliT provides an integrated way to plan, execute and analyse manufacturing processes in one out-of-the-box application.<\/p><p><a href=\"https:\/\/gotillit.com\/\">https:\/\/gotillit.com\/<\/a><\/p><p><strong>Addinsight<\/strong><\/p><p>Addinsight is a feature-rich application specifically designed to provide transport situational awareness in real-time and decrease the impact from changes in road and travel conditions.<\/p><p><a href=\"https:\/\/addinsight.com\/\">https:\/\/addinsight.com\/<\/a><\/p>\t\t\t\t\t\t\t\t<\/div>\n\t\t\t\t<\/div>\n\t\t\t\t\t<\/div>\n\t\t<\/div>\n\t\t\t\t<div class=\"elementor-column elementor-col-50 elementor-top-column elementor-element elementor-element-0d12f68\" data-id=\"0d12f68\" data-element_type=\"column\" data-e-type=\"column\">\n\t\t\t<div class=\"elementor-widget-wrap elementor-element-populated\">\n\t\t\t\t\t\t<section class=\"elementor-section elementor-inner-section elementor-element elementor-element-11965f4 elementor-section-boxed elementor-section-height-default elementor-section-height-default elementor-invisible\" data-id=\"11965f4\" data-element_type=\"section\" data-e-type=\"section\" data-settings=\"{&quot;background_background&quot;:&quot;classic&quot;,&quot;animation&quot;:&quot;fadeInRight&quot;}\">\n\t\t\t\t\t\t<div class=\"elementor-container elementor-column-gap-default\">\n\t\t\t\t\t<div class=\"elementor-column elementor-col-100 elementor-inner-column elementor-element elementor-element-5fb3568\" data-id=\"5fb3568\" data-element_type=\"column\" data-e-type=\"column\">\n\t\t\t<div class=\"elementor-widget-wrap elementor-element-populated\">\n\t\t\t\t\t\t<div class=\"elementor-element elementor-element-0bd52b8 elementor-widget elementor-widget-image\" data-id=\"0bd52b8\" data-element_type=\"widget\" data-e-type=\"widget\" data-widget_type=\"image.default\">\n\t\t\t\t<div class=\"elementor-widget-container\">\n\t\t\t\t\t\t\t\t\t\t\t\t\t\t\t<img fetchpriority=\"high\" decoding=\"async\" width=\"768\" height=\"167\" src=\"https:\/\/www.automationalliance.net\/wp-content\/uploads\/2020\/06\/SAGE-Group-lock-up-CMYK-800pxW-768x167.png\" class=\"attachment-medium_large size-medium_large wp-image-146\" alt=\"SAGE Automation logo\" srcset=\"https:\/\/automationalli.wpenginepowered.com\/wp-content\/uploads\/2020\/06\/SAGE-Group-lock-up-CMYK-800pxW-768x167.png 768w, https:\/\/automationalli.wpenginepowered.com\/wp-content\/uploads\/2020\/06\/SAGE-Group-lock-up-CMYK-800pxW-300x65.png 300w, https:\/\/automationalli.wpenginepowered.com\/wp-content\/uploads\/2020\/06\/SAGE-Group-lock-up-CMYK-800pxW-1024x222.png 1024w, https:\/\/automationalli.wpenginepowered.com\/wp-content\/uploads\/2020\/06\/SAGE-Group-lock-up-CMYK-800pxW-1536x333.png 1536w, https:\/\/automationalli.wpenginepowered.com\/wp-content\/uploads\/2020\/06\/SAGE-Group-lock-up-CMYK-800pxW-2048x444.png 2048w\" sizes=\"(max-width: 768px) 100vw, 768px\" \/>\t\t\t\t\t\t\t\t\t\t\t\t\t\t\t<\/div>\n\t\t\t\t<\/div>\n\t\t\t\t<div class=\"elementor-element elementor-element-0526db7 elementor-widget elementor-widget-text-editor\" data-id=\"0526db7\" data-element_type=\"widget\" data-e-type=\"widget\" data-widget_type=\"text-editor.default\">\n\t\t\t\t<div class=\"elementor-widget-container\">\n\t\t\t\t\t\t\t\t\t<h2>Company Information<\/h2><p><strong>Website:<\/strong> <a href=\"https:\/\/www.gotosage.com\/\" target=\"_blank\" rel=\"noopener\">https:\/\/www.gotosage.com\/<\/a><\/p><p><strong>Email:<\/strong> <a href=\"mailto:info@gotosage.com\">info@gotosage.com<\/a><\/p><h3><strong>Offices:<\/strong><\/h3><p><strong>Corporate Headquarters:<\/strong><br \/><strong>Adelaide<\/strong><br \/>Ph. +61 8 8276 0700<br \/>Fax. +61 8 8276 0799<br \/>F22, 6 MAB Eastern Promenade, 1284 South Road, Tonsley SA 5039<\/p><p><strong>Regional South Australian Locations:<\/strong>\u00a0Whyalla, Riverland<\/p><p><strong>Melbourne<\/strong><br \/>Level 1 \/ Unit 2, 216 Turner Street, Port Melbourne VIC 3207<\/p><p><strong>Keysborough<\/strong><br \/>Unit 10\/31, Keysborough Cl, Keysborough VIC 3173<\/p><p><strong>Geelong<\/strong><br \/>27 Pakington St, Geelong West VIC 3218<\/p><p><strong>Brisbane<\/strong><br \/>Ph. +61 7 3340 5000<br \/>Fax. +61 7 3340 5099<br \/>12 Electronics Street, Eight Mile Plains, QLD 4113<\/p><p><strong>Darwin<\/strong><br \/>Ph. +61 8 8948 6400<br \/>Fax. +61 8 8948 6499<br \/>65 Jessop Crescent, Berrimah, NT 0828<\/p><p><strong>Katherine<\/strong><br \/>53 Chardon Street, Katherine, NT 0850<\/p><p><strong>Alice Springs<\/strong><br \/>2\/73 Hartley Street, Alice Springs, NT 0870<\/p><p><strong>Launceston<\/strong><br \/>Ph. +61 3 6337 4000<br \/>Fax. +61 3 8671 3099<br \/>T2, Level 2, 112 Cimitiere Street, Launceston, TAS 7250<\/p><p><strong>Melbourne<\/strong><br \/>Ph. +61 3 8671 3000<br \/>Fax. +61 3 8671 3099<br \/>Level 1 \/ Unit 2, 216 Turner Street, Port Melbourne VIC 3207<\/p><p><strong>Keysborough<\/strong><br \/>Unit 10\/31, Keysborough Cl, Keysborough VIC 3173<\/p><p><strong>Geelong<\/strong><br \/>27 Pakington St, Geelong West VIC 3218<\/p><p><strong>Perth<\/strong><br \/>Ph. +61 8 9213 5700<br \/>Fax. +61 8 9213 5799<br \/>3 Craig Street, Burswood WA 6100<\/p><p><strong>Sydney<\/strong><br \/>Ph. +61 2 9878 9601<br \/>Fax. +61 2 9878 9699<br \/>Suite 1.04, 3 Richardson Place, North Ryde, NSW 2113<\/p><p><strong>India<\/strong><br \/><strong>Thane<\/strong><br \/>&#8220;9 Mansi&#8221; Complex, Ram Maruti Road,<br \/>Cross Lane No.1, Behind Lokmanya Tilak Udyan,<br \/>Naupada, Thane (WEST) 400602<\/p><p><strong>Pune<\/strong><br \/>1st Floor, Ramashree Apartments,<br \/>Behind Shubham Hotel, Kawale Path,<br \/>JM Road, Deccan, Pune &#8211; 411004<\/p>\t\t\t\t\t\t\t\t<\/div>\n\t\t\t\t<\/div>\n\t\t\t\t\t<\/div>\n\t\t<\/div>\n\t\t\t\t\t<\/div>\n\t\t<\/section>\n\t\t\t\t\t<\/div>\n\t\t<\/div>\n\t\t\t\t\t<\/div>\n\t\t<\/section>\n\t\t\t\t<section class=\"elementor-section elementor-top-section elementor-element elementor-element-fcaf32d elementor-section-boxed elementor-section-height-default elementor-section-height-default\" data-id=\"fcaf32d\" data-element_type=\"section\" data-e-type=\"section\" data-settings=\"{&quot;background_background&quot;:&quot;classic&quot;}\">\n\t\t\t\t\t\t\t<div class=\"elementor-background-overlay\"><\/div>\n\t\t\t\t\t\t\t<div class=\"elementor-container elementor-column-gap-default\">\n\t\t\t\t\t<div class=\"elementor-column elementor-col-33 elementor-top-column elementor-element elementor-element-554f907\" data-id=\"554f907\" data-element_type=\"column\" data-e-type=\"column\" data-settings=\"{&quot;background_background&quot;:&quot;classic&quot;}\">\n\t\t\t<div class=\"elementor-widget-wrap elementor-element-populated\">\n\t\t\t\t\t\t<div class=\"elementor-element elementor-element-b1d2723 elementor-widget elementor-widget-heading\" data-id=\"b1d2723\" data-element_type=\"widget\" data-e-type=\"widget\" data-widget_type=\"heading.default\">\n\t\t\t\t<div class=\"elementor-widget-container\">\n\t\t\t\t\t<h2 class=\"elementor-heading-title elementor-size-default\">Logros \/ asociaciones<\/h2>\t\t\t\t<\/div>\n\t\t\t\t<\/div>\n\t\t\t\t<div class=\"elementor-element elementor-element-dd8adbb elementor-widget elementor-widget-text-editor\" data-id=\"dd8adbb\" data-element_type=\"widget\" data-e-type=\"widget\" data-widget_type=\"text-editor.default\">\n\t\t\t\t<div class=\"elementor-widget-container\">\n\t\t\t\t\t\t\t\t\t<ul><li>\u25cf\tISO 9001:2015, ISO14001:2015 y AS\/NZS4801<\/li><li>\u25cf\tSocio en las soluciones para todas las marcas l\u00edderes en la automatizaci\u00f3n industrial y tecnolog\u00eda de control.<\/li><li>Miembro Certificado de CSIA<\/li><\/ul>\t\t\t\t\t\t\t\t<\/div>\n\t\t\t\t<\/div>\n\t\t\t\t\t<\/div>\n\t\t<\/div>\n\t\t\t\t<div class=\"elementor-column elementor-col-33 elementor-top-column elementor-element elementor-element-021d8cc\" data-id=\"021d8cc\" data-element_type=\"column\" data-e-type=\"column\" data-settings=\"{&quot;background_background&quot;:&quot;classic&quot;}\">\n\t\t\t<div class=\"elementor-widget-wrap elementor-element-populated\">\n\t\t\t\t\t\t<div class=\"elementor-element elementor-element-fa8a2e5 elementor-widget elementor-widget-heading\" data-id=\"fa8a2e5\" data-element_type=\"widget\" data-e-type=\"widget\" data-widget_type=\"heading.default\">\n\t\t\t\t<div class=\"elementor-widget-container\">\n\t\t\t\t\t<h2 class=\"elementor-heading-title elementor-size-default\">Lo que hacemos<\/h2>\t\t\t\t<\/div>\n\t\t\t\t<\/div>\n\t\t\t\t<div class=\"elementor-element elementor-element-9127d1a elementor-widget elementor-widget-text-editor\" data-id=\"9127d1a\" data-element_type=\"widget\" data-e-type=\"widget\" data-widget_type=\"text-editor.default\">\n\t\t\t\t<div class=\"elementor-widget-container\">\n\t\t\t\t\t\t\t\t\t<p>SAGE trabaja con clientes en los sectores de la manufactura, recursos, utilidades, defensa y transporte inteligente para dise\u00f1ar, implementar y suportar su viaje hacia la transformaci\u00f3n digital con un balance entre la tecnolog\u00eda, procesos y capacidades.<\/p><p>Across the SAGE Group of companies, we help industries to evolve by being better together &#8211; enhancing technology through innovation and overcoming complexity through experience.<\/p>\t\t\t\t\t\t\t\t<\/div>\n\t\t\t\t<\/div>\n\t\t\t\t\t<\/div>\n\t\t<\/div>\n\t\t\t\t<div class=\"elementor-column elementor-col-33 elementor-top-column elementor-element elementor-element-0584626\" data-id=\"0584626\" data-element_type=\"column\" data-e-type=\"column\" data-settings=\"{&quot;background_background&quot;:&quot;classic&quot;}\">\n\t\t\t<div class=\"elementor-widget-wrap elementor-element-populated\">\n\t\t\t\t\t\t<div class=\"elementor-element elementor-element-57d7e93 elementor-widget elementor-widget-heading\" data-id=\"57d7e93\" data-element_type=\"widget\" data-e-type=\"widget\" data-widget_type=\"heading.default\">\n\t\t\t\t<div class=\"elementor-widget-container\">\n\t\t\t\t\t<h2 class=\"elementor-heading-title elementor-size-default\">Servicios<\/h2>\t\t\t\t<\/div>\n\t\t\t\t<\/div>\n\t\t\t\t<div class=\"elementor-element elementor-element-a0b4f28 elementor-widget elementor-widget-text-editor\" data-id=\"a0b4f28\" data-element_type=\"widget\" data-e-type=\"widget\" data-widget_type=\"text-editor.default\">\n\t\t\t\t<div class=\"elementor-widget-container\">\n\t\t\t\t\t\t\t\t\t<ul><li>Technology and assets<ul><li>o\tSelecci\u00f3n de Tecnolog\u00eda<\/li><li>o\tIntegraci\u00f3n de Sistemas<\/li><li>o\tOperaci\u00f3n, soporte y optimizaci\u00f3n de activos<\/li><li>o\tMigraci\u00f3n de activos obsoletos y nuevas tecnolog\u00edas<\/li><li>o\tComunicaci\u00f3n, Conectividad y IoT<\/li><li>o\tAI y machine learning<\/li><\/ul><\/li><li>\u25cf\tProcess<ul><li>Digital transformation road mapping<\/li><li>o\tAccesibilidad, seguridad y usabilidad de la Data<\/li><li>o\tToma de decisiones basada en datos<\/li><li>Revenue and value creation<\/li><li>Digital insight-led customer service<\/li><li>Automation, control and digitisation project execution<\/li><\/ul><\/li><li>People and capability<ul><li>o\tModernizaci\u00f3n de la fuerza laboral<\/li><li>User requirement specifications<\/li><li>Process design \u2013 connecting data and people<\/li><li>Placement of technical expertise<\/li><\/ul><\/li><\/ul>\t\t\t\t\t\t\t\t<\/div>\n\t\t\t\t<\/div>\n\t\t\t\t\t<\/div>\n\t\t<\/div>\n\t\t\t\t\t<\/div>\n\t\t<\/section>\n\t\t\t\t<\/div>","protected":false},"excerpt":{"rendered":"<p>SAGE Group SAGE Group is a global company with a team of more than 570 people spread across two continents. As an integrated industrial digitalisation services provider, SAGE combines the perfect balance of technology, process, and capability. SAGE Group includes specialist offerings \u2013 SAGE Automation, Nukon, Embedded Expertise and Skills Lab \u2013 that together deliver [&hellip;]<\/p>\n","protected":false},"author":4,"featured_media":0,"parent":16,"menu_order":0,"comment_status":"closed","ping_status":"closed","template":"","meta":{"footnotes":""},"class_list":["post-74","page","type-page","status-publish","hentry"],"yoast_head":"<!-- This site is optimized with the Yoast SEO plugin v27.4 - https:\/\/yoast.com\/product\/yoast-seo-wordpress\/ -->\n<title>SAGE Automation - Automation Alliance Group<\/title>\n<meta name=\"description\" content=\"As an industrial services provider, SAGE combines the perfect balance of technology, process and capability to support clients on their digital journey.\" \/>\n<meta name=\"robots\" content=\"index, follow, max-snippet:-1, max-image-preview:large, max-video-preview:-1\" \/>\n<link rel=\"canonical\" href=\"https:\/\/www.automationalliance.net\/es\/members\/sage-automation\/\" \/>\n<meta property=\"og:locale\" content=\"es_ES\" \/>\n<meta property=\"og:type\" content=\"article\" \/>\n<meta property=\"og:title\" content=\"SAGE Automation - Automation Alliance Group\" \/>\n<meta property=\"og:description\" content=\"As an industrial services provider, SAGE combines the perfect balance of technology, process and capability to support clients on their digital journey.\" \/>\n<meta property=\"og:url\" content=\"https:\/\/www.automationalliance.net\/es\/members\/sage-automation\/\" \/>\n<meta property=\"og:site_name\" content=\"Automation Alliance Group\" \/>\n<meta property=\"article:modified_time\" content=\"2021-12-04T16:20:26+00:00\" \/>\n<meta property=\"og:image\" content=\"https:\/\/www.automationalliance.net\/wp-content\/uploads\/2020\/06\/SAGE-Group-lock-up-CMYK-800pxW-768x167.png\" \/>\n<meta name=\"twitter:card\" content=\"summary_large_image\" \/>\n<meta name=\"twitter:label1\" content=\"Tiempo de lectura\" \/>\n\t<meta name=\"twitter:data1\" content=\"4 minutos\" \/>\n<script type=\"application\/ld+json\" class=\"yoast-schema-graph\">{\"@context\":\"https:\\\/\\\/schema.org\",\"@graph\":[{\"@type\":\"WebPage\",\"@id\":\"https:\\\/\\\/www.automationalliance.net\\\/members\\\/sage-automation\\\/\",\"url\":\"https:\\\/\\\/www.automationalliance.net\\\/members\\\/sage-automation\\\/\",\"name\":\"SAGE Automation - Automation Alliance Group\",\"isPartOf\":{\"@id\":\"https:\\\/\\\/www.automationalliance.net\\\/#website\"},\"primaryImageOfPage\":{\"@id\":\"https:\\\/\\\/www.automationalliance.net\\\/members\\\/sage-automation\\\/#primaryimage\"},\"image\":{\"@id\":\"https:\\\/\\\/www.automationalliance.net\\\/members\\\/sage-automation\\\/#primaryimage\"},\"thumbnailUrl\":\"https:\\\/\\\/www.automationalliance.net\\\/wp-content\\\/uploads\\\/2020\\\/06\\\/SAGE-Group-lock-up-CMYK-800pxW-768x167.png\",\"datePublished\":\"2020-03-18T19:05:39+00:00\",\"dateModified\":\"2021-12-04T16:20:26+00:00\",\"description\":\"As an industrial services provider, SAGE combines the perfect balance of technology, process and capability to support clients on their digital journey.\",\"breadcrumb\":{\"@id\":\"https:\\\/\\\/www.automationalliance.net\\\/members\\\/sage-automation\\\/#breadcrumb\"},\"inLanguage\":\"es\",\"potentialAction\":[{\"@type\":\"ReadAction\",\"target\":[\"https:\\\/\\\/www.automationalliance.net\\\/members\\\/sage-automation\\\/\"]}]},{\"@type\":\"ImageObject\",\"inLanguage\":\"es\",\"@id\":\"https:\\\/\\\/www.automationalliance.net\\\/members\\\/sage-automation\\\/#primaryimage\",\"url\":\"https:\\\/\\\/www.automationalliance.net\\\/wp-content\\\/uploads\\\/2020\\\/06\\\/SAGE-Group-lock-up-CMYK-800pxW-768x167.png\",\"contentUrl\":\"https:\\\/\\\/www.automationalliance.net\\\/wp-content\\\/uploads\\\/2020\\\/06\\\/SAGE-Group-lock-up-CMYK-800pxW-768x167.png\"},{\"@type\":\"BreadcrumbList\",\"@id\":\"https:\\\/\\\/www.automationalliance.net\\\/members\\\/sage-automation\\\/#breadcrumb\",\"itemListElement\":[{\"@type\":\"ListItem\",\"position\":1,\"name\":\"Home\",\"item\":\"https:\\\/\\\/www.automationalliance.net\\\/\"},{\"@type\":\"ListItem\",\"position\":2,\"name\":\"Members\",\"item\":\"https:\\\/\\\/www.automationalliance.net\\\/members\\\/\"},{\"@type\":\"ListItem\",\"position\":3,\"name\":\"SAGE Automation\"}]},{\"@type\":\"WebSite\",\"@id\":\"https:\\\/\\\/www.automationalliance.net\\\/#website\",\"url\":\"https:\\\/\\\/www.automationalliance.net\\\/\",\"name\":\"Automation Alliance Group\",\"description\":\"\",\"potentialAction\":[{\"@type\":\"SearchAction\",\"target\":{\"@type\":\"EntryPoint\",\"urlTemplate\":\"https:\\\/\\\/www.automationalliance.net\\\/?s={search_term_string}\"},\"query-input\":{\"@type\":\"PropertyValueSpecification\",\"valueRequired\":true,\"valueName\":\"search_term_string\"}}],\"inLanguage\":\"es\"}]}<\/script>\n<!-- \/ Yoast SEO plugin. -->","yoast_head_json":{"title":"SAGE Automation - Automation Alliance Group","description":"As an industrial services provider, SAGE combines the perfect balance of technology, process and capability to support clients on their digital journey.","robots":{"index":"index","follow":"follow","max-snippet":"max-snippet:-1","max-image-preview":"max-image-preview:large","max-video-preview":"max-video-preview:-1"},"canonical":"https:\/\/www.automationalliance.net\/es\/members\/sage-automation\/","og_locale":"es_ES","og_type":"article","og_title":"SAGE Automation - Automation Alliance Group","og_description":"As an industrial services provider, SAGE combines the perfect balance of technology, process and capability to support clients on their digital journey.","og_url":"https:\/\/www.automationalliance.net\/es\/members\/sage-automation\/","og_site_name":"Automation Alliance Group","article_modified_time":"2021-12-04T16:20:26+00:00","og_image":[{"url":"https:\/\/www.automationalliance.net\/wp-content\/uploads\/2020\/06\/SAGE-Group-lock-up-CMYK-800pxW-768x167.png","type":"","width":"","height":""}],"twitter_card":"summary_large_image","twitter_misc":{"Tiempo de lectura":"4 minutos"},"schema":{"@context":"https:\/\/schema.org","@graph":[{"@type":"WebPage","@id":"https:\/\/www.automationalliance.net\/members\/sage-automation\/","url":"https:\/\/www.automationalliance.net\/members\/sage-automation\/","name":"SAGE Automation - Automation Alliance Group","isPartOf":{"@id":"https:\/\/www.automationalliance.net\/#website"},"primaryImageOfPage":{"@id":"https:\/\/www.automationalliance.net\/members\/sage-automation\/#primaryimage"},"image":{"@id":"https:\/\/www.automationalliance.net\/members\/sage-automation\/#primaryimage"},"thumbnailUrl":"https:\/\/www.automationalliance.net\/wp-content\/uploads\/2020\/06\/SAGE-Group-lock-up-CMYK-800pxW-768x167.png","datePublished":"2020-03-18T19:05:39+00:00","dateModified":"2021-12-04T16:20:26+00:00","description":"As an industrial services provider, SAGE combines the perfect balance of technology, process and capability to support clients on their digital journey.","breadcrumb":{"@id":"https:\/\/www.automationalliance.net\/members\/sage-automation\/#breadcrumb"},"inLanguage":"es","potentialAction":[{"@type":"ReadAction","target":["https:\/\/www.automationalliance.net\/members\/sage-automation\/"]}]},{"@type":"ImageObject","inLanguage":"es","@id":"https:\/\/www.automationalliance.net\/members\/sage-automation\/#primaryimage","url":"https:\/\/www.automationalliance.net\/wp-content\/uploads\/2020\/06\/SAGE-Group-lock-up-CMYK-800pxW-768x167.png","contentUrl":"https:\/\/www.automationalliance.net\/wp-content\/uploads\/2020\/06\/SAGE-Group-lock-up-CMYK-800pxW-768x167.png"},{"@type":"BreadcrumbList","@id":"https:\/\/www.automationalliance.net\/members\/sage-automation\/#breadcrumb","itemListElement":[{"@type":"ListItem","position":1,"name":"Home","item":"https:\/\/www.automationalliance.net\/"},{"@type":"ListItem","position":2,"name":"Members","item":"https:\/\/www.automationalliance.net\/members\/"},{"@type":"ListItem","position":3,"name":"SAGE Automation"}]},{"@type":"WebSite","@id":"https:\/\/www.automationalliance.net\/#website","url":"https:\/\/www.automationalliance.net\/","name":"Automation Alliance Group","description":"","potentialAction":[{"@type":"SearchAction","target":{"@type":"EntryPoint","urlTemplate":"https:\/\/www.automationalliance.net\/?s={search_term_string}"},"query-input":{"@type":"PropertyValueSpecification","valueRequired":true,"valueName":"search_term_string"}}],"inLanguage":"es"}]}},"_links":{"self":[{"href":"https:\/\/www.automationalliance.net\/es\/wp-json\/wp\/v2\/pages\/74","targetHints":{"allow":["GET"]}}],"collection":[{"href":"https:\/\/www.automationalliance.net\/es\/wp-json\/wp\/v2\/pages"}],"about":[{"href":"https:\/\/www.automationalliance.net\/es\/wp-json\/wp\/v2\/types\/page"}],"author":[{"embeddable":true,"href":"https:\/\/www.automationalliance.net\/es\/wp-json\/wp\/v2\/users\/4"}],"replies":[{"embeddable":true,"href":"https:\/\/www.automationalliance.net\/es\/wp-json\/wp\/v2\/comments?post=74"}],"version-history":[{"count":0,"href":"https:\/\/www.automationalliance.net\/es\/wp-json\/wp\/v2\/pages\/74\/revisions"}],"up":[{"embeddable":true,"href":"https:\/\/www.automationalliance.net\/es\/wp-json\/wp\/v2\/pages\/16"}],"wp:attachment":[{"href":"https:\/\/www.automationalliance.net\/es\/wp-json\/wp\/v2\/media?parent=74"}],"curies":[{"name":"wp","href":"https:\/\/api.w.org\/{rel}","templated":true}]}}