{"id":73,"date":"2020-03-18T12:05:22","date_gmt":"2020-03-18T19:05:22","guid":{"rendered":"https:\/\/automationalli.wpengine.com\/?page_id=73"},"modified":"2021-11-10T11:28:07","modified_gmt":"2021-11-10T19:28:07","slug":"revere-control-systems","status":"publish","type":"page","link":"https:\/\/www.automationalliance.net\/es\/members\/revere-control-systems\/","title":{"rendered":"REVERE CONTROL SYSTEMS"},"content":{"rendered":"<div data-elementor-type=\"wp-page\" data-elementor-id=\"73\" class=\"elementor elementor-73\" data-elementor-post-type=\"page\">\n\t\t\t\t\t\t<section class=\"elementor-section elementor-top-section elementor-element elementor-element-f365f83 elementor-section-height-min-height elementor-section-boxed elementor-section-height-default elementor-section-items-middle\" data-id=\"f365f83\" data-element_type=\"section\" data-e-type=\"section\" data-settings=\"{&quot;background_background&quot;:&quot;classic&quot;}\">\n\t\t\t\t\t\t\t<div class=\"elementor-background-overlay\"><\/div>\n\t\t\t\t\t\t\t<div class=\"elementor-container elementor-column-gap-default\">\n\t\t\t\t\t<div class=\"elementor-column elementor-col-100 elementor-top-column elementor-element elementor-element-eb2fbb7\" data-id=\"eb2fbb7\" data-element_type=\"column\" data-e-type=\"column\">\n\t\t\t<div class=\"elementor-widget-wrap elementor-element-populated\">\n\t\t\t\t\t\t<div class=\"elementor-element elementor-element-6f03dae elementor-widget elementor-widget-heading\" data-id=\"6f03dae\" data-element_type=\"widget\" data-e-type=\"widget\" data-widget_type=\"heading.default\">\n\t\t\t\t<div class=\"elementor-widget-container\">\n\t\t\t\t\t<h1 class=\"elementor-heading-title elementor-size-default\">REVERE CONTROL SYSTEMS<\/h1>\t\t\t\t<\/div>\n\t\t\t\t<\/div>\n\t\t\t\t\t<\/div>\n\t\t<\/div>\n\t\t\t\t\t<\/div>\n\t\t<\/section>\n\t\t\t\t<section class=\"elementor-section elementor-top-section elementor-element elementor-element-7f8af2d elementor-section-boxed elementor-section-height-default elementor-section-height-default\" data-id=\"7f8af2d\" data-element_type=\"section\" data-e-type=\"section\">\n\t\t\t\t\t\t<div class=\"elementor-container elementor-column-gap-default\">\n\t\t\t\t\t<div class=\"elementor-column elementor-col-50 elementor-top-column elementor-element elementor-element-6f9296f\" data-id=\"6f9296f\" data-element_type=\"column\" data-e-type=\"column\">\n\t\t\t<div class=\"elementor-widget-wrap elementor-element-populated\">\n\t\t\t\t\t\t<div class=\"elementor-element elementor-element-8e0490b elementor-widget elementor-widget-text-editor\" data-id=\"8e0490b\" data-element_type=\"widget\" data-e-type=\"widget\" data-widget_type=\"text-editor.default\">\n\t\t\t\t<div class=\"elementor-widget-container\">\n\t\t\t\t\t\t\t\t\t<p>Nos especializamos en ingenier\u00eda de sistemas de control, entregando sistemas y soluciones de automatizaci\u00f3n industrial. Brindamos servicios personalizados de principio a fin para una variedad de industrias, incluyendo agua, energ\u00eda, manufactura y OEM. Nos centramos en sistemas de control industriales y sistemas de informaci\u00f3n para la automatizaci\u00f3n de m\u00e1quinas y\/o plantas que requieren conocimientos de aplicaci\u00f3n y experiencia t\u00e9cnica. Ofrecemos:\u00a0<\/p><ul><li>\u25cf FEED +: Front end engineering design<\/li><li>Programaci\u00f3n<\/li><li>\u25cf Ingenier\u00eda el\u00e9ctrica y construcci\u00f3n<\/li><li>\u25cf Elaboraci\u00f3n de dise\u00f1os el\u00e9ctricos<\/li><li>\u25cf Tecnolog\u00eda de la Informaci\u00f3n y Tecnolog\u00eda de Operaciones (IT \/ OT)<\/li><li>\u25cf Documentaci\u00f3n de sistemas<\/li><li>\u2022\tComissioning<\/li><li>Entrenamiento<\/li><li>\u25cf Asistencia posventa<\/li><\/ul><p>Estos servicios se pueden agrupar sin problema para proporcionar a los clientes un menor riesgo y el resultado del alto valor que esperan.<\/p><p>Tenemos m\u00e1s de 40 a\u00f1os de experiencia en el campo de la ingenier\u00eda el\u00e9ctrica y la automatizaci\u00f3n. Con experiencia en diversas industrias y aplicaciones, adem\u00e1s de d\u00e9cadas de tiempo en el mercado-- no hay ning\u00fan problema de automatizaci\u00f3n que no podamos resolver. Prosperamos avanzando en la automatizaci\u00f3n, desarrollando soluciones innovadoras, completamente independientes de cualquier proveedor. Perm\u00edtanos ayudarlo a alcanzar sus objetivos y obtener la tranquilidad que se merece. Lea m\u00e1s sobre lo que hace diferente a Revere. <a href=\"https:\/\/www.reverecontrol.com\/what-makes-us-different\/\" target=\"_blank\" rel=\"noopener\">Read more about what makes Revere different.<\/a><\/p>\t\t\t\t\t\t\t\t<\/div>\n\t\t\t\t<\/div>\n\t\t\t\t\t<\/div>\n\t\t<\/div>\n\t\t\t\t<div class=\"elementor-column elementor-col-50 elementor-top-column elementor-element elementor-element-a5822d3\" data-id=\"a5822d3\" data-element_type=\"column\" data-e-type=\"column\">\n\t\t\t<div class=\"elementor-widget-wrap elementor-element-populated\">\n\t\t\t\t\t\t<section class=\"elementor-section elementor-inner-section elementor-element elementor-element-f4097a0 elementor-section-boxed elementor-section-height-default elementor-section-height-default elementor-invisible\" data-id=\"f4097a0\" data-element_type=\"section\" data-e-type=\"section\" data-settings=\"{&quot;background_background&quot;:&quot;classic&quot;,&quot;animation&quot;:&quot;fadeInRight&quot;}\">\n\t\t\t\t\t\t<div class=\"elementor-container elementor-column-gap-default\">\n\t\t\t\t\t<div class=\"elementor-column elementor-col-100 elementor-inner-column elementor-element elementor-element-05f3aaa\" data-id=\"05f3aaa\" data-element_type=\"column\" data-e-type=\"column\">\n\t\t\t<div class=\"elementor-widget-wrap elementor-element-populated\">\n\t\t\t\t\t\t<div class=\"elementor-element elementor-element-4d6ce78 elementor-widget elementor-widget-image\" data-id=\"4d6ce78\" data-element_type=\"widget\" data-e-type=\"widget\" data-widget_type=\"image.default\">\n\t\t\t\t<div class=\"elementor-widget-container\">\n\t\t\t\t\t\t\t\t\t\t\t\t\t\t\t<img decoding=\"async\" width=\"354\" height=\"80\" src=\"https:\/\/www.automationalliance.net\/wp-content\/uploads\/2020\/04\/revere-logo.png\" class=\"attachment-large size-large wp-image-102\" alt=\"Revere Control Systems logo\" srcset=\"https:\/\/automationalli.wpenginepowered.com\/wp-content\/uploads\/2020\/04\/revere-logo.png 354w, https:\/\/automationalli.wpenginepowered.com\/wp-content\/uploads\/2020\/04\/revere-logo-300x68.png 300w\" sizes=\"(max-width: 354px) 100vw, 354px\" \/>\t\t\t\t\t\t\t\t\t\t\t\t\t\t\t<\/div>\n\t\t\t\t<\/div>\n\t\t\t\t<div class=\"elementor-element elementor-element-eb6b7df elementor-widget elementor-widget-text-editor\" data-id=\"eb6b7df\" data-element_type=\"widget\" data-e-type=\"widget\" data-widget_type=\"text-editor.default\">\n\t\t\t\t<div class=\"elementor-widget-container\">\n\t\t\t\t\t\t\t\t\t<h2>Company Information<\/h2><p><strong>Website:<\/strong> <a href=\"https:\/\/www.reverecontrol.com\/\" target=\"_blank\" rel=\"noopener\">https:\/\/www.reverecontrol.com\/<\/a><\/p><p><strong>Email:<\/strong> <a href=\"https:\/\/www.reverecontrol.com\/contact\/\" target=\"_blank\" rel=\"noopener\">Get in touch with Revere<\/a><\/p><p><strong>Corporate Headquarters:<\/strong><br \/>2240 Rocky Ridge Road<br \/>Birmingham, AL 35216<br \/>USA<br \/>Ph: 205.824.0004<br \/>Fx: 205.824.0408<\/p><p><strong>Offices:<\/strong><\/p><p><strong>Charlotte, North Carolina\u00a0<\/strong><br \/>2331-L Crown Point Executive Dr<br \/>Charlotte, NC 28227<br \/>\u00a0704.977.2068<\/p><p><strong>Houston, Texas<\/strong><br \/>1718 N. Fry Road, Suite 118<br \/>Houston, TX 77084<br \/>713.815.6874<\/p><p><strong>Lakeland, Florida<\/strong><br \/>3810 Drane Field Rd, Suite 7<br \/>Lakeland, FL 33811<br \/>863.226.0219<\/p><p><strong>Texarkana, Texas<\/strong><br \/>2620 Summerhill Dr.<br \/>Texarkana, TX 75503<br \/>903.716.7070<\/p>\t\t\t\t\t\t\t\t<\/div>\n\t\t\t\t<\/div>\n\t\t\t\t\t<\/div>\n\t\t<\/div>\n\t\t\t\t\t<\/div>\n\t\t<\/section>\n\t\t\t\t\t<\/div>\n\t\t<\/div>\n\t\t\t\t\t<\/div>\n\t\t<\/section>\n\t\t\t\t<section class=\"elementor-section elementor-top-section elementor-element elementor-element-d9b43d8 elementor-section-boxed elementor-section-height-default elementor-section-height-default\" data-id=\"d9b43d8\" data-element_type=\"section\" data-e-type=\"section\" data-settings=\"{&quot;background_background&quot;:&quot;classic&quot;}\">\n\t\t\t\t\t\t\t<div class=\"elementor-background-overlay\"><\/div>\n\t\t\t\t\t\t\t<div class=\"elementor-container elementor-column-gap-default\">\n\t\t\t\t\t<div class=\"elementor-column elementor-col-33 elementor-top-column elementor-element elementor-element-4de7d8e\" data-id=\"4de7d8e\" data-element_type=\"column\" data-e-type=\"column\" data-settings=\"{&quot;background_background&quot;:&quot;classic&quot;}\">\n\t\t\t<div class=\"elementor-widget-wrap elementor-element-populated\">\n\t\t\t\t\t\t<div class=\"elementor-element elementor-element-a63ad26 elementor-widget elementor-widget-heading\" data-id=\"a63ad26\" data-element_type=\"widget\" data-e-type=\"widget\" data-widget_type=\"heading.default\">\n\t\t\t\t<div class=\"elementor-widget-container\">\n\t\t\t\t\t<h2 class=\"elementor-heading-title elementor-size-default\">Logros \/ asociaciones<\/h2>\t\t\t\t<\/div>\n\t\t\t\t<\/div>\n\t\t\t\t<div class=\"elementor-element elementor-element-9d8edd5 elementor-widget elementor-widget-text-editor\" data-id=\"9d8edd5\" data-element_type=\"widget\" data-e-type=\"widget\" data-widget_type=\"text-editor.default\">\n\t\t\t\t<div class=\"elementor-widget-container\">\n\t\t\t\t\t\t\t\t\t<ul><li style=\"font-weight: 400;\"><span style=\"font-weight: 400;\">\u25cf Top 20 en System integrator Gigant -- Control Engineering<\/span><\/li><li style=\"font-weight: 400;\"><span style=\"font-weight: 400;\">\u25cf Fabricante mediano del a\u00f1o 2017 - Manufacture Alabama<\/span><\/li><li style=\"font-weight: 400;\"><span style=\"font-weight: 400;\">\u25cf Solutions Partner de Rockwell Automation<\/span><\/li><li style=\"font-weight: 400;\"><span style=\"font-weight: 400;\">\u2022\tIntegrador Certificado CSIA<\/span><\/li><li style=\"font-weight: 400;\"><span style=\"font-weight: 400;\">Integrador Autorizado para Schneider<\/span><\/li><li style=\"font-weight: 400;\"><span style=\"font-weight: 400;\">Certificado Microsoft Gold<\/span><\/li><li style=\"font-weight: 400;\"><span style=\"font-weight: 400;\">\u25cf System Integrator certificado de Wonderware<\/span><\/li><\/ul>\t\t\t\t\t\t\t\t<\/div>\n\t\t\t\t<\/div>\n\t\t\t\t\t<\/div>\n\t\t<\/div>\n\t\t\t\t<div class=\"elementor-column elementor-col-33 elementor-top-column elementor-element elementor-element-cfe13b3\" data-id=\"cfe13b3\" data-element_type=\"column\" data-e-type=\"column\" data-settings=\"{&quot;background_background&quot;:&quot;classic&quot;}\">\n\t\t\t<div class=\"elementor-widget-wrap elementor-element-populated\">\n\t\t\t\t\t\t<div class=\"elementor-element elementor-element-467096f elementor-widget elementor-widget-heading\" data-id=\"467096f\" data-element_type=\"widget\" data-e-type=\"widget\" data-widget_type=\"heading.default\">\n\t\t\t\t<div class=\"elementor-widget-container\">\n\t\t\t\t\t<h2 class=\"elementor-heading-title elementor-size-default\">Industrias atendidas:<\/h2>\t\t\t\t<\/div>\n\t\t\t\t<\/div>\n\t\t\t\t<div class=\"elementor-element elementor-element-a56aaf2 elementor-widget elementor-widget-text-editor\" data-id=\"a56aaf2\" data-element_type=\"widget\" data-e-type=\"widget\" data-widget_type=\"text-editor.default\">\n\t\t\t\t<div class=\"elementor-widget-container\">\n\t\t\t\t\t\t\t\t\t<ul><li style=\"font-weight: 400;\"><span style=\"font-weight: 400;\">\u25cf Biomasa \/ Biog\u00e1s<\/span><\/li><li style=\"font-weight: 400;\"><span style=\"font-weight: 400;\">\u25cf Materiales de Ingenier\u00eda<\/span><\/li><li style=\"font-weight: 400;\"><span style=\"font-weight: 400;\">\u25cf Miner\u00eda y Minerales Especiales<\/span><\/li><li style=\"font-weight: 400;\"><span style=\"font-weight: 400;\">\u25cf Petr\u00f3leo y Gas<\/span><\/li><li style=\"font-weight: 400;\"><span style=\"font-weight: 400;\">\u25cf Generaci\u00f3n de Energ\u00eda<\/span><\/li><li style=\"font-weight: 400;\"><span style=\"font-weight: 400;\">\u25cf Metales Primarios<\/span><\/li><li style=\"font-weight: 400;\"><span style=\"font-weight: 400;\">\u25cf Productos Qu\u00edmicos Especiales<\/span><\/li><li style=\"font-weight: 400;\"><span style=\"font-weight: 400;\">\u2022\tAgua\/Aguas Residuales<\/span><\/li><li style=\"font-weight: 400;\"><span style=\"font-weight: 400;\">\u25cf Productos de Madera<\/span><\/li><\/ul>\t\t\t\t\t\t\t\t<\/div>\n\t\t\t\t<\/div>\n\t\t\t\t\t<\/div>\n\t\t<\/div>\n\t\t\t\t<div class=\"elementor-column elementor-col-33 elementor-top-column elementor-element elementor-element-6d17728\" data-id=\"6d17728\" data-element_type=\"column\" data-e-type=\"column\" data-settings=\"{&quot;background_background&quot;:&quot;classic&quot;}\">\n\t\t\t<div class=\"elementor-widget-wrap elementor-element-populated\">\n\t\t\t\t\t\t<div class=\"elementor-element elementor-element-ed273bd elementor-widget elementor-widget-heading\" data-id=\"ed273bd\" data-element_type=\"widget\" data-e-type=\"widget\" data-widget_type=\"heading.default\">\n\t\t\t\t<div class=\"elementor-widget-container\">\n\t\t\t\t\t<h2 class=\"elementor-heading-title elementor-size-default\">Servicios<\/h2>\t\t\t\t<\/div>\n\t\t\t\t<\/div>\n\t\t\t\t<div class=\"elementor-element elementor-element-34b0775 elementor-widget elementor-widget-text-editor\" data-id=\"34b0775\" data-element_type=\"widget\" data-e-type=\"widget\" data-widget_type=\"text-editor.default\">\n\t\t\t\t<div class=\"elementor-widget-container\">\n\t\t\t\t\t\t\t\t\t<ul><li style=\"font-weight: 400;\"><span style=\"font-weight: 400;\">\u25cf Integraci\u00f3n de Sistemas de Control<\/span><\/li><li style=\"font-weight: 400;\"><span style=\"font-weight: 400;\">\u25cf Dise\u00f1o-Implementaci\u00f3n de construcciones<\/span><\/li><li style=\"font-weight: 400;\"><span style=\"font-weight: 400;\">\u25cf E-House y Construcci\u00f3n de Paneles<\/span><\/li><li style=\"font-weight: 400;\"><span style=\"font-weight: 400;\">\u25cf Servicios Profesionales<\/span><\/li><li style=\"font-weight: 400;\"><span style=\"font-weight: 400;\">Digital Plant Services<\/span><\/li><li style=\"font-weight: 400;\"><span style=\"font-weight: 400;\">\u25cf Servicio de Campo<\/span><\/li><\/ul>\t\t\t\t\t\t\t\t<\/div>\n\t\t\t\t<\/div>\n\t\t\t\t\t<\/div>\n\t\t<\/div>\n\t\t\t\t\t<\/div>\n\t\t<\/section>\n\t\t\t\t<\/div>","protected":false},"excerpt":{"rendered":"<p>Revere Control Systems We specialize in control systems engineering, delivering industrial automation systems and solutions. We provide tailored, start-to-finish services for a range of industries, including water, energy, manufacturing, and OEM. We focus on industrial control systems and information systems for machine and\/or plant automation that require application knowledge and technical expertise. We offer:\u00a0 FEED+: [&hellip;]<\/p>\n","protected":false},"author":4,"featured_media":0,"parent":16,"menu_order":0,"comment_status":"closed","ping_status":"closed","template":"","meta":{"footnotes":""},"class_list":["post-73","page","type-page","status-publish","hentry"],"yoast_head":"<!-- This site is optimized with the Yoast SEO plugin v27.4 - https:\/\/yoast.com\/product\/yoast-seo-wordpress\/ -->\n<title>Revere Control Systems - Automation Alliance Group<\/title>\n<meta name=\"description\" content=\"Revere Control Systems specializes in control systems engineering, delivering industrial automation systems and solutions.\" \/>\n<meta name=\"robots\" content=\"index, follow, max-snippet:-1, max-image-preview:large, max-video-preview:-1\" \/>\n<link rel=\"canonical\" href=\"https:\/\/www.automationalliance.net\/es\/members\/revere-control-systems\/\" \/>\n<meta property=\"og:locale\" content=\"es_ES\" \/>\n<meta property=\"og:type\" content=\"article\" \/>\n<meta property=\"og:title\" content=\"Revere Control Systems - Automation Alliance Group\" \/>\n<meta property=\"og:description\" content=\"Revere Control Systems specializes in control systems engineering, delivering industrial automation systems and solutions.\" \/>\n<meta property=\"og:url\" content=\"https:\/\/www.automationalliance.net\/es\/members\/revere-control-systems\/\" \/>\n<meta property=\"og:site_name\" content=\"Automation Alliance Group\" \/>\n<meta property=\"article:modified_time\" content=\"2021-11-10T19:28:07+00:00\" \/>\n<meta property=\"og:image\" content=\"https:\/\/www.automationalliance.net\/wp-content\/uploads\/2020\/04\/revere-logo.png\" \/>\n<meta name=\"twitter:card\" content=\"summary_large_image\" \/>\n<meta name=\"twitter:label1\" content=\"Tiempo de lectura\" \/>\n\t<meta name=\"twitter:data1\" content=\"2 minutos\" \/>\n<script type=\"application\/ld+json\" class=\"yoast-schema-graph\">{\"@context\":\"https:\\\/\\\/schema.org\",\"@graph\":[{\"@type\":\"WebPage\",\"@id\":\"https:\\\/\\\/www.automationalliance.net\\\/members\\\/revere-control-systems\\\/\",\"url\":\"https:\\\/\\\/www.automationalliance.net\\\/members\\\/revere-control-systems\\\/\",\"name\":\"Revere Control Systems - Automation Alliance Group\",\"isPartOf\":{\"@id\":\"https:\\\/\\\/www.automationalliance.net\\\/#website\"},\"primaryImageOfPage\":{\"@id\":\"https:\\\/\\\/www.automationalliance.net\\\/members\\\/revere-control-systems\\\/#primaryimage\"},\"image\":{\"@id\":\"https:\\\/\\\/www.automationalliance.net\\\/members\\\/revere-control-systems\\\/#primaryimage\"},\"thumbnailUrl\":\"https:\\\/\\\/www.automationalliance.net\\\/wp-content\\\/uploads\\\/2020\\\/04\\\/revere-logo.png\",\"datePublished\":\"2020-03-18T19:05:22+00:00\",\"dateModified\":\"2021-11-10T19:28:07+00:00\",\"description\":\"Revere Control Systems specializes in control systems engineering, delivering industrial automation systems and solutions.\",\"breadcrumb\":{\"@id\":\"https:\\\/\\\/www.automationalliance.net\\\/members\\\/revere-control-systems\\\/#breadcrumb\"},\"inLanguage\":\"es\",\"potentialAction\":[{\"@type\":\"ReadAction\",\"target\":[\"https:\\\/\\\/www.automationalliance.net\\\/members\\\/revere-control-systems\\\/\"]}]},{\"@type\":\"ImageObject\",\"inLanguage\":\"es\",\"@id\":\"https:\\\/\\\/www.automationalliance.net\\\/members\\\/revere-control-systems\\\/#primaryimage\",\"url\":\"https:\\\/\\\/www.automationalliance.net\\\/wp-content\\\/uploads\\\/2020\\\/04\\\/revere-logo.png\",\"contentUrl\":\"https:\\\/\\\/www.automationalliance.net\\\/wp-content\\\/uploads\\\/2020\\\/04\\\/revere-logo.png\"},{\"@type\":\"BreadcrumbList\",\"@id\":\"https:\\\/\\\/www.automationalliance.net\\\/members\\\/revere-control-systems\\\/#breadcrumb\",\"itemListElement\":[{\"@type\":\"ListItem\",\"position\":1,\"name\":\"Home\",\"item\":\"https:\\\/\\\/www.automationalliance.net\\\/\"},{\"@type\":\"ListItem\",\"position\":2,\"name\":\"Members\",\"item\":\"https:\\\/\\\/www.automationalliance.net\\\/members\\\/\"},{\"@type\":\"ListItem\",\"position\":3,\"name\":\"Revere Control Systems\"}]},{\"@type\":\"WebSite\",\"@id\":\"https:\\\/\\\/www.automationalliance.net\\\/#website\",\"url\":\"https:\\\/\\\/www.automationalliance.net\\\/\",\"name\":\"Automation Alliance Group\",\"description\":\"\",\"potentialAction\":[{\"@type\":\"SearchAction\",\"target\":{\"@type\":\"EntryPoint\",\"urlTemplate\":\"https:\\\/\\\/www.automationalliance.net\\\/?s={search_term_string}\"},\"query-input\":{\"@type\":\"PropertyValueSpecification\",\"valueRequired\":true,\"valueName\":\"search_term_string\"}}],\"inLanguage\":\"es\"}]}<\/script>\n<!-- \/ Yoast SEO plugin. -->","yoast_head_json":{"title":"Revere Control Systems - Automation Alliance Group","description":"Revere Control Systems specializes in control systems engineering, delivering industrial automation systems and solutions.","robots":{"index":"index","follow":"follow","max-snippet":"max-snippet:-1","max-image-preview":"max-image-preview:large","max-video-preview":"max-video-preview:-1"},"canonical":"https:\/\/www.automationalliance.net\/es\/members\/revere-control-systems\/","og_locale":"es_ES","og_type":"article","og_title":"Revere Control Systems - Automation Alliance Group","og_description":"Revere Control Systems specializes in control systems engineering, delivering industrial automation systems and solutions.","og_url":"https:\/\/www.automationalliance.net\/es\/members\/revere-control-systems\/","og_site_name":"Automation Alliance Group","article_modified_time":"2021-11-10T19:28:07+00:00","og_image":[{"url":"https:\/\/www.automationalliance.net\/wp-content\/uploads\/2020\/04\/revere-logo.png","type":"","width":"","height":""}],"twitter_card":"summary_large_image","twitter_misc":{"Tiempo de lectura":"2 minutos"},"schema":{"@context":"https:\/\/schema.org","@graph":[{"@type":"WebPage","@id":"https:\/\/www.automationalliance.net\/members\/revere-control-systems\/","url":"https:\/\/www.automationalliance.net\/members\/revere-control-systems\/","name":"Revere Control Systems - Automation Alliance Group","isPartOf":{"@id":"https:\/\/www.automationalliance.net\/#website"},"primaryImageOfPage":{"@id":"https:\/\/www.automationalliance.net\/members\/revere-control-systems\/#primaryimage"},"image":{"@id":"https:\/\/www.automationalliance.net\/members\/revere-control-systems\/#primaryimage"},"thumbnailUrl":"https:\/\/www.automationalliance.net\/wp-content\/uploads\/2020\/04\/revere-logo.png","datePublished":"2020-03-18T19:05:22+00:00","dateModified":"2021-11-10T19:28:07+00:00","description":"Revere Control Systems specializes in control systems engineering, delivering industrial automation systems and solutions.","breadcrumb":{"@id":"https:\/\/www.automationalliance.net\/members\/revere-control-systems\/#breadcrumb"},"inLanguage":"es","potentialAction":[{"@type":"ReadAction","target":["https:\/\/www.automationalliance.net\/members\/revere-control-systems\/"]}]},{"@type":"ImageObject","inLanguage":"es","@id":"https:\/\/www.automationalliance.net\/members\/revere-control-systems\/#primaryimage","url":"https:\/\/www.automationalliance.net\/wp-content\/uploads\/2020\/04\/revere-logo.png","contentUrl":"https:\/\/www.automationalliance.net\/wp-content\/uploads\/2020\/04\/revere-logo.png"},{"@type":"BreadcrumbList","@id":"https:\/\/www.automationalliance.net\/members\/revere-control-systems\/#breadcrumb","itemListElement":[{"@type":"ListItem","position":1,"name":"Home","item":"https:\/\/www.automationalliance.net\/"},{"@type":"ListItem","position":2,"name":"Members","item":"https:\/\/www.automationalliance.net\/members\/"},{"@type":"ListItem","position":3,"name":"Revere Control Systems"}]},{"@type":"WebSite","@id":"https:\/\/www.automationalliance.net\/#website","url":"https:\/\/www.automationalliance.net\/","name":"Automation Alliance Group","description":"","potentialAction":[{"@type":"SearchAction","target":{"@type":"EntryPoint","urlTemplate":"https:\/\/www.automationalliance.net\/?s={search_term_string}"},"query-input":{"@type":"PropertyValueSpecification","valueRequired":true,"valueName":"search_term_string"}}],"inLanguage":"es"}]}},"_links":{"self":[{"href":"https:\/\/www.automationalliance.net\/es\/wp-json\/wp\/v2\/pages\/73","targetHints":{"allow":["GET"]}}],"collection":[{"href":"https:\/\/www.automationalliance.net\/es\/wp-json\/wp\/v2\/pages"}],"about":[{"href":"https:\/\/www.automationalliance.net\/es\/wp-json\/wp\/v2\/types\/page"}],"author":[{"embeddable":true,"href":"https:\/\/www.automationalliance.net\/es\/wp-json\/wp\/v2\/users\/4"}],"replies":[{"embeddable":true,"href":"https:\/\/www.automationalliance.net\/es\/wp-json\/wp\/v2\/comments?post=73"}],"version-history":[{"count":0,"href":"https:\/\/www.automationalliance.net\/es\/wp-json\/wp\/v2\/pages\/73\/revisions"}],"up":[{"embeddable":true,"href":"https:\/\/www.automationalliance.net\/es\/wp-json\/wp\/v2\/pages\/16"}],"wp:attachment":[{"href":"https:\/\/www.automationalliance.net\/es\/wp-json\/wp\/v2\/media?parent=73"}],"curies":[{"name":"wp","href":"https:\/\/api.w.org\/{rel}","templated":true}]}}