{"id":69,"date":"2020-03-18T12:04:22","date_gmt":"2020-03-18T19:04:22","guid":{"rendered":"https:\/\/automationalli.wpengine.com\/?page_id=69"},"modified":"2023-04-25T12:02:57","modified_gmt":"2023-04-25T19:02:57","slug":"enterprise-automation","status":"publish","type":"page","link":"https:\/\/www.automationalliance.net\/es\/members\/enterprise-automation\/","title":{"rendered":"Enterprise Automation"},"content":{"rendered":"<div data-elementor-type=\"wp-page\" data-elementor-id=\"69\" class=\"elementor elementor-69\" data-elementor-post-type=\"page\">\n\t\t\t\t\t\t<section class=\"elementor-section elementor-top-section elementor-element elementor-element-f66834a elementor-section-height-min-height elementor-section-boxed elementor-section-height-default elementor-section-items-middle\" data-id=\"f66834a\" data-element_type=\"section\" data-e-type=\"section\" data-settings=\"{&quot;background_background&quot;:&quot;classic&quot;}\">\n\t\t\t\t\t\t\t<div class=\"elementor-background-overlay\"><\/div>\n\t\t\t\t\t\t\t<div class=\"elementor-container elementor-column-gap-default\">\n\t\t\t\t\t<div class=\"elementor-column elementor-col-100 elementor-top-column elementor-element elementor-element-89b7cb3\" data-id=\"89b7cb3\" data-element_type=\"column\" data-e-type=\"column\">\n\t\t\t<div class=\"elementor-widget-wrap elementor-element-populated\">\n\t\t\t\t\t\t<div class=\"elementor-element elementor-element-c2322b7 elementor-widget elementor-widget-heading\" data-id=\"c2322b7\" data-element_type=\"widget\" data-e-type=\"widget\" data-widget_type=\"heading.default\">\n\t\t\t\t<div class=\"elementor-widget-container\">\n\t\t\t\t\t<h1 class=\"elementor-heading-title elementor-size-default\">Enterprise Automation<\/h1>\t\t\t\t<\/div>\n\t\t\t\t<\/div>\n\t\t\t\t\t<\/div>\n\t\t<\/div>\n\t\t\t\t\t<\/div>\n\t\t<\/section>\n\t\t\t\t<section class=\"elementor-section elementor-top-section elementor-element elementor-element-2d8552a elementor-section-boxed elementor-section-height-default elementor-section-height-default\" data-id=\"2d8552a\" data-element_type=\"section\" data-e-type=\"section\">\n\t\t\t\t\t\t<div class=\"elementor-container elementor-column-gap-default\">\n\t\t\t\t\t<div class=\"elementor-column elementor-col-50 elementor-top-column elementor-element elementor-element-23ed5d1\" data-id=\"23ed5d1\" data-element_type=\"column\" data-e-type=\"column\">\n\t\t\t<div class=\"elementor-widget-wrap elementor-element-populated\">\n\t\t\t\t\t\t<div class=\"elementor-element elementor-element-b01c5ba elementor-widget elementor-widget-text-editor\" data-id=\"b01c5ba\" data-element_type=\"widget\" data-e-type=\"widget\" data-widget_type=\"text-editor.default\">\n\t\t\t\t<div class=\"elementor-widget-container\">\n\t\t\t\t\t\t\t\t\t<p>fundado en 1998, Enterprise Automation Enterprise Automation es su \u00fanica fuente para todos las fases en integraci\u00f3n de sistemas de control, incluyendo consultas de dise\u00f1o, dasarrollo especificado, dise\u00f1o de p\u00e1neles, Programaci\u00f3n de PLC, configuraci\u00f3n de SCADA, dise\u00f1o de daots por red, pruebas, inicializaci\u00f3n, entrenamiento, Documentaci\u00f3n y sistemas MES. Entregamos gran calidad, soluciones fiables a la medida especifica de cada cliente.<\/p>\t\t\t\t\t\t\t\t<\/div>\n\t\t\t\t<\/div>\n\t\t\t\t\t<\/div>\n\t\t<\/div>\n\t\t\t\t<div class=\"elementor-column elementor-col-50 elementor-top-column elementor-element elementor-element-b982401\" data-id=\"b982401\" data-element_type=\"column\" data-e-type=\"column\">\n\t\t\t<div class=\"elementor-widget-wrap elementor-element-populated\">\n\t\t\t\t\t\t<section class=\"elementor-section elementor-inner-section elementor-element elementor-element-ea58eb8 elementor-section-boxed elementor-section-height-default elementor-section-height-default elementor-invisible\" data-id=\"ea58eb8\" data-element_type=\"section\" data-e-type=\"section\" data-settings=\"{&quot;background_background&quot;:&quot;classic&quot;,&quot;animation&quot;:&quot;fadeInRight&quot;}\">\n\t\t\t\t\t\t<div class=\"elementor-container elementor-column-gap-default\">\n\t\t\t\t\t<div class=\"elementor-column elementor-col-100 elementor-inner-column elementor-element elementor-element-8d4135b\" data-id=\"8d4135b\" data-element_type=\"column\" data-e-type=\"column\">\n\t\t\t<div class=\"elementor-widget-wrap elementor-element-populated\">\n\t\t\t\t\t\t<div class=\"elementor-element elementor-element-5021d01 elementor-widget elementor-widget-image\" data-id=\"5021d01\" data-element_type=\"widget\" data-e-type=\"widget\" data-widget_type=\"image.default\">\n\t\t\t\t<div class=\"elementor-widget-container\">\n\t\t\t\t\t\t\t\t\t\t\t\t\t\t\t<img decoding=\"async\" width=\"264\" height=\"73\" src=\"https:\/\/www.automationalliance.net\/wp-content\/uploads\/2023\/04\/EA_logo_Blue_Horiz_RGB.svg\" class=\"attachment-large size-large wp-image-167\" alt=\"\" \/>\t\t\t\t\t\t\t\t\t\t\t\t\t\t\t<\/div>\n\t\t\t\t<\/div>\n\t\t\t\t<div class=\"elementor-element elementor-element-ec107ae elementor-widget elementor-widget-text-editor\" data-id=\"ec107ae\" data-element_type=\"widget\" data-e-type=\"widget\" data-widget_type=\"text-editor.default\">\n\t\t\t\t<div class=\"elementor-widget-container\">\n\t\t\t\t\t\t\t\t\t<h2>Company Information<\/h2><p><strong>Website:<\/strong> <a href=\"https:\/\/eaintegrator.com\/\" target=\"_blank\" rel=\"noopener\">https:\/\/eaintegrator.com\/<\/a><\/p><p><strong>Phone:<\/strong> 949-769-6000<\/p><p><strong>Corporate Headquarters:<\/strong><br \/>210 Goddard<br \/>Irvine, CA 92618<br \/>USA<\/p>\t\t\t\t\t\t\t\t<\/div>\n\t\t\t\t<\/div>\n\t\t\t\t\t<\/div>\n\t\t<\/div>\n\t\t\t\t\t<\/div>\n\t\t<\/section>\n\t\t\t\t\t<\/div>\n\t\t<\/div>\n\t\t\t\t\t<\/div>\n\t\t<\/section>\n\t\t\t\t<section class=\"elementor-section elementor-top-section elementor-element elementor-element-bdb2e7d elementor-section-boxed elementor-section-height-default elementor-section-height-default\" data-id=\"bdb2e7d\" data-element_type=\"section\" data-e-type=\"section\" data-settings=\"{&quot;background_background&quot;:&quot;classic&quot;}\">\n\t\t\t\t\t\t\t<div class=\"elementor-background-overlay\"><\/div>\n\t\t\t\t\t\t\t<div class=\"elementor-container elementor-column-gap-default\">\n\t\t\t\t\t<div class=\"elementor-column elementor-col-33 elementor-top-column elementor-element elementor-element-5ede229\" data-id=\"5ede229\" data-element_type=\"column\" data-e-type=\"column\" data-settings=\"{&quot;background_background&quot;:&quot;classic&quot;}\">\n\t\t\t<div class=\"elementor-widget-wrap elementor-element-populated\">\n\t\t\t\t\t\t<div class=\"elementor-element elementor-element-c64d044 elementor-widget elementor-widget-heading\" data-id=\"c64d044\" data-element_type=\"widget\" data-e-type=\"widget\" data-widget_type=\"heading.default\">\n\t\t\t\t<div class=\"elementor-widget-container\">\n\t\t\t\t\t<h2 class=\"elementor-heading-title elementor-size-default\">Logros \/ asociaciones<\/h2>\t\t\t\t<\/div>\n\t\t\t\t<\/div>\n\t\t\t\t<div class=\"elementor-element elementor-element-05cfa93 elementor-widget elementor-widget-text-editor\" data-id=\"05cfa93\" data-element_type=\"widget\" data-e-type=\"widget\" data-widget_type=\"text-editor.default\">\n\t\t\t\t<div class=\"elementor-widget-container\">\n\t\t\t\t\t\t\t\t\t<ul><li>\u2022\tAVEVA Endorsed SI<\/li><li>\u2022\tAliado Master Schneider Electric<\/li><li>\u2022\tIntegrador Certificado CSIA<\/li><\/ul>\t\t\t\t\t\t\t\t<\/div>\n\t\t\t\t<\/div>\n\t\t\t\t\t<\/div>\n\t\t<\/div>\n\t\t\t\t<div class=\"elementor-column elementor-col-33 elementor-top-column elementor-element elementor-element-38e520f\" data-id=\"38e520f\" data-element_type=\"column\" data-e-type=\"column\" data-settings=\"{&quot;background_background&quot;:&quot;classic&quot;}\">\n\t\t\t<div class=\"elementor-widget-wrap elementor-element-populated\">\n\t\t\t\t\t\t<div class=\"elementor-element elementor-element-fbbd5c8 elementor-widget elementor-widget-heading\" data-id=\"fbbd5c8\" data-element_type=\"widget\" data-e-type=\"widget\" data-widget_type=\"heading.default\">\n\t\t\t\t<div class=\"elementor-widget-container\">\n\t\t\t\t\t<h2 class=\"elementor-heading-title elementor-size-default\">Sectores principales<\/h2>\t\t\t\t<\/div>\n\t\t\t\t<\/div>\n\t\t\t\t<div class=\"elementor-element elementor-element-e99a309 elementor-widget elementor-widget-text-editor\" data-id=\"e99a309\" data-element_type=\"widget\" data-e-type=\"widget\" data-widget_type=\"text-editor.default\">\n\t\t\t\t<div class=\"elementor-widget-container\">\n\t\t\t\t\t\t\t\t\t<ul><li>\u2022\tAutomatizaci\u00f3n de Procesos<\/li><li>\u2022\tHardware &amp; Software de Automatization<\/li><li>\u2022\tAgua\/Aguas Residuales<\/li><li>\u2022\tDise\u00f1o &amp; Implementaci\u00f3n Redes OT<\/li><li>\u2022\tConsultor\u00eda y Planeaci\u00f3n en Automatizaci\u00f3n<\/li><\/ul>\t\t\t\t\t\t\t\t<\/div>\n\t\t\t\t<\/div>\n\t\t\t\t\t<\/div>\n\t\t<\/div>\n\t\t\t\t<div class=\"elementor-column elementor-col-33 elementor-top-column elementor-element elementor-element-ad6b4ca\" data-id=\"ad6b4ca\" data-element_type=\"column\" data-e-type=\"column\" data-settings=\"{&quot;background_background&quot;:&quot;classic&quot;}\">\n\t\t\t<div class=\"elementor-widget-wrap elementor-element-populated\">\n\t\t\t\t\t\t<div class=\"elementor-element elementor-element-54b251f elementor-widget elementor-widget-heading\" data-id=\"54b251f\" data-element_type=\"widget\" data-e-type=\"widget\" data-widget_type=\"heading.default\">\n\t\t\t\t<div class=\"elementor-widget-container\">\n\t\t\t\t\t<h2 class=\"elementor-heading-title elementor-size-default\">Servicios<\/h2>\t\t\t\t<\/div>\n\t\t\t\t<\/div>\n\t\t\t\t<div class=\"elementor-element elementor-element-bf8420b elementor-widget elementor-widget-text-editor\" data-id=\"bf8420b\" data-element_type=\"widget\" data-e-type=\"widget\" data-widget_type=\"text-editor.default\">\n\t\t\t\t<div class=\"elementor-widget-container\">\n\t\t\t\t\t\t\t\t\t<ul><li>\u2022\tDise\u00f1o y Puesta en Marcha SCADA<\/li><li>\u2022\tAdministraci\u00f3n de programas de Automatizaci\u00f3n<\/li><li>\u2022\tAuditoria y An\u00e1lisis de brechas<\/li><li>Redes\/Seguridad<\/li><\/ul>\t\t\t\t\t\t\t\t<\/div>\n\t\t\t\t<\/div>\n\t\t\t\t\t<\/div>\n\t\t<\/div>\n\t\t\t\t\t<\/div>\n\t\t<\/section>\n\t\t\t\t<\/div>","protected":false},"excerpt":{"rendered":"<p>Enterprise Automation Established in 1998, Enterprise Automation is your single source for all phases of control systems integration, including design consultation, specification development, panel design, PLC programming, SCADA configuration, data network design, testing, startup, training, O&amp;M documentation, and MES systems. We deliver high quality, reliable solutions that are tailored to the specific needs of each [&hellip;]<\/p>\n","protected":false},"author":4,"featured_media":0,"parent":16,"menu_order":0,"comment_status":"closed","ping_status":"closed","template":"","meta":{"footnotes":""},"class_list":["post-69","page","type-page","status-publish","hentry"],"yoast_head":"<!-- This site is optimized with the Yoast SEO plugin v27.4 - https:\/\/yoast.com\/product\/yoast-seo-wordpress\/ -->\n<title>Enterprise Automation - Automation Alliance Group<\/title>\n<meta name=\"description\" content=\"Enterprise Automation is your single source for all phases of control systems integration, including design consultation, SCADA configuration and more.\" \/>\n<meta name=\"robots\" content=\"index, follow, max-snippet:-1, max-image-preview:large, max-video-preview:-1\" \/>\n<link rel=\"canonical\" href=\"https:\/\/www.automationalliance.net\/es\/members\/enterprise-automation\/\" \/>\n<meta property=\"og:locale\" content=\"es_ES\" \/>\n<meta property=\"og:type\" content=\"article\" \/>\n<meta property=\"og:title\" content=\"Enterprise Automation - Automation Alliance Group\" \/>\n<meta property=\"og:description\" content=\"Enterprise Automation is your single source for all phases of control systems integration, including design consultation, SCADA configuration and more.\" \/>\n<meta property=\"og:url\" content=\"https:\/\/www.automationalliance.net\/es\/members\/enterprise-automation\/\" \/>\n<meta property=\"og:site_name\" content=\"Automation Alliance Group\" \/>\n<meta property=\"article:modified_time\" content=\"2023-04-25T19:02:57+00:00\" \/>\n<meta property=\"og:image\" content=\"https:\/\/www.automationalliance.net\/wp-content\/uploads\/2023\/04\/EA_logo_Blue_Horiz_RGB.svg\" \/>\n<meta name=\"twitter:card\" content=\"summary_large_image\" \/>\n<meta name=\"twitter:label1\" content=\"Tiempo de lectura\" \/>\n\t<meta name=\"twitter:data1\" content=\"1 minuto\" \/>\n<script type=\"application\/ld+json\" class=\"yoast-schema-graph\">{\"@context\":\"https:\\\/\\\/schema.org\",\"@graph\":[{\"@type\":\"WebPage\",\"@id\":\"https:\\\/\\\/www.automationalliance.net\\\/members\\\/enterprise-automation\\\/\",\"url\":\"https:\\\/\\\/www.automationalliance.net\\\/members\\\/enterprise-automation\\\/\",\"name\":\"Enterprise Automation - Automation Alliance Group\",\"isPartOf\":{\"@id\":\"https:\\\/\\\/www.automationalliance.net\\\/#website\"},\"primaryImageOfPage\":{\"@id\":\"https:\\\/\\\/www.automationalliance.net\\\/members\\\/enterprise-automation\\\/#primaryimage\"},\"image\":{\"@id\":\"https:\\\/\\\/www.automationalliance.net\\\/members\\\/enterprise-automation\\\/#primaryimage\"},\"thumbnailUrl\":\"https:\\\/\\\/www.automationalliance.net\\\/wp-content\\\/uploads\\\/2023\\\/04\\\/EA_logo_Blue_Horiz_RGB.svg\",\"datePublished\":\"2020-03-18T19:04:22+00:00\",\"dateModified\":\"2023-04-25T19:02:57+00:00\",\"description\":\"Enterprise Automation is your single source for all phases of control systems integration, including design consultation, SCADA configuration and more.\",\"breadcrumb\":{\"@id\":\"https:\\\/\\\/www.automationalliance.net\\\/members\\\/enterprise-automation\\\/#breadcrumb\"},\"inLanguage\":\"es\",\"potentialAction\":[{\"@type\":\"ReadAction\",\"target\":[\"https:\\\/\\\/www.automationalliance.net\\\/members\\\/enterprise-automation\\\/\"]}]},{\"@type\":\"ImageObject\",\"inLanguage\":\"es\",\"@id\":\"https:\\\/\\\/www.automationalliance.net\\\/members\\\/enterprise-automation\\\/#primaryimage\",\"url\":\"https:\\\/\\\/www.automationalliance.net\\\/wp-content\\\/uploads\\\/2023\\\/04\\\/EA_logo_Blue_Horiz_RGB.svg\",\"contentUrl\":\"https:\\\/\\\/www.automationalliance.net\\\/wp-content\\\/uploads\\\/2023\\\/04\\\/EA_logo_Blue_Horiz_RGB.svg\"},{\"@type\":\"BreadcrumbList\",\"@id\":\"https:\\\/\\\/www.automationalliance.net\\\/members\\\/enterprise-automation\\\/#breadcrumb\",\"itemListElement\":[{\"@type\":\"ListItem\",\"position\":1,\"name\":\"Home\",\"item\":\"https:\\\/\\\/www.automationalliance.net\\\/\"},{\"@type\":\"ListItem\",\"position\":2,\"name\":\"Members\",\"item\":\"https:\\\/\\\/www.automationalliance.net\\\/members\\\/\"},{\"@type\":\"ListItem\",\"position\":3,\"name\":\"Enterprise Automation\"}]},{\"@type\":\"WebSite\",\"@id\":\"https:\\\/\\\/www.automationalliance.net\\\/#website\",\"url\":\"https:\\\/\\\/www.automationalliance.net\\\/\",\"name\":\"Automation Alliance Group\",\"description\":\"\",\"potentialAction\":[{\"@type\":\"SearchAction\",\"target\":{\"@type\":\"EntryPoint\",\"urlTemplate\":\"https:\\\/\\\/www.automationalliance.net\\\/?s={search_term_string}\"},\"query-input\":{\"@type\":\"PropertyValueSpecification\",\"valueRequired\":true,\"valueName\":\"search_term_string\"}}],\"inLanguage\":\"es\"}]}<\/script>\n<!-- \/ Yoast SEO plugin. -->","yoast_head_json":{"title":"Enterprise Automation - Automation Alliance Group","description":"Enterprise Automation is your single source for all phases of control systems integration, including design consultation, SCADA configuration and more.","robots":{"index":"index","follow":"follow","max-snippet":"max-snippet:-1","max-image-preview":"max-image-preview:large","max-video-preview":"max-video-preview:-1"},"canonical":"https:\/\/www.automationalliance.net\/es\/members\/enterprise-automation\/","og_locale":"es_ES","og_type":"article","og_title":"Enterprise Automation - Automation Alliance Group","og_description":"Enterprise Automation is your single source for all phases of control systems integration, including design consultation, SCADA configuration and more.","og_url":"https:\/\/www.automationalliance.net\/es\/members\/enterprise-automation\/","og_site_name":"Automation Alliance Group","article_modified_time":"2023-04-25T19:02:57+00:00","og_image":[{"url":"https:\/\/www.automationalliance.net\/wp-content\/uploads\/2023\/04\/EA_logo_Blue_Horiz_RGB.svg","type":"","width":"","height":""}],"twitter_card":"summary_large_image","twitter_misc":{"Tiempo de lectura":"1 minuto"},"schema":{"@context":"https:\/\/schema.org","@graph":[{"@type":"WebPage","@id":"https:\/\/www.automationalliance.net\/members\/enterprise-automation\/","url":"https:\/\/www.automationalliance.net\/members\/enterprise-automation\/","name":"Enterprise Automation - Automation Alliance Group","isPartOf":{"@id":"https:\/\/www.automationalliance.net\/#website"},"primaryImageOfPage":{"@id":"https:\/\/www.automationalliance.net\/members\/enterprise-automation\/#primaryimage"},"image":{"@id":"https:\/\/www.automationalliance.net\/members\/enterprise-automation\/#primaryimage"},"thumbnailUrl":"https:\/\/www.automationalliance.net\/wp-content\/uploads\/2023\/04\/EA_logo_Blue_Horiz_RGB.svg","datePublished":"2020-03-18T19:04:22+00:00","dateModified":"2023-04-25T19:02:57+00:00","description":"Enterprise Automation is your single source for all phases of control systems integration, including design consultation, SCADA configuration and more.","breadcrumb":{"@id":"https:\/\/www.automationalliance.net\/members\/enterprise-automation\/#breadcrumb"},"inLanguage":"es","potentialAction":[{"@type":"ReadAction","target":["https:\/\/www.automationalliance.net\/members\/enterprise-automation\/"]}]},{"@type":"ImageObject","inLanguage":"es","@id":"https:\/\/www.automationalliance.net\/members\/enterprise-automation\/#primaryimage","url":"https:\/\/www.automationalliance.net\/wp-content\/uploads\/2023\/04\/EA_logo_Blue_Horiz_RGB.svg","contentUrl":"https:\/\/www.automationalliance.net\/wp-content\/uploads\/2023\/04\/EA_logo_Blue_Horiz_RGB.svg"},{"@type":"BreadcrumbList","@id":"https:\/\/www.automationalliance.net\/members\/enterprise-automation\/#breadcrumb","itemListElement":[{"@type":"ListItem","position":1,"name":"Home","item":"https:\/\/www.automationalliance.net\/"},{"@type":"ListItem","position":2,"name":"Members","item":"https:\/\/www.automationalliance.net\/members\/"},{"@type":"ListItem","position":3,"name":"Enterprise Automation"}]},{"@type":"WebSite","@id":"https:\/\/www.automationalliance.net\/#website","url":"https:\/\/www.automationalliance.net\/","name":"Automation Alliance Group","description":"","potentialAction":[{"@type":"SearchAction","target":{"@type":"EntryPoint","urlTemplate":"https:\/\/www.automationalliance.net\/?s={search_term_string}"},"query-input":{"@type":"PropertyValueSpecification","valueRequired":true,"valueName":"search_term_string"}}],"inLanguage":"es"}]}},"_links":{"self":[{"href":"https:\/\/www.automationalliance.net\/es\/wp-json\/wp\/v2\/pages\/69","targetHints":{"allow":["GET"]}}],"collection":[{"href":"https:\/\/www.automationalliance.net\/es\/wp-json\/wp\/v2\/pages"}],"about":[{"href":"https:\/\/www.automationalliance.net\/es\/wp-json\/wp\/v2\/types\/page"}],"author":[{"embeddable":true,"href":"https:\/\/www.automationalliance.net\/es\/wp-json\/wp\/v2\/users\/4"}],"replies":[{"embeddable":true,"href":"https:\/\/www.automationalliance.net\/es\/wp-json\/wp\/v2\/comments?post=69"}],"version-history":[{"count":0,"href":"https:\/\/www.automationalliance.net\/es\/wp-json\/wp\/v2\/pages\/69\/revisions"}],"up":[{"embeddable":true,"href":"https:\/\/www.automationalliance.net\/es\/wp-json\/wp\/v2\/pages\/16"}],"wp:attachment":[{"href":"https:\/\/www.automationalliance.net\/es\/wp-json\/wp\/v2\/media?parent=69"}],"curies":[{"name":"wp","href":"https:\/\/api.w.org\/{rel}","templated":true}]}}