{"id":68,"date":"2020-03-18T12:04:12","date_gmt":"2020-03-18T19:04:12","guid":{"rendered":"https:\/\/automationalli.wpengine.com\/?page_id=68"},"modified":"2025-11-24T10:23:53","modified_gmt":"2025-11-24T18:23:53","slug":"autoware","status":"publish","type":"page","link":"https:\/\/www.automationalliance.net\/es\/members\/autoware\/","title":{"rendered":"Autoware"},"content":{"rendered":"<div data-elementor-type=\"wp-page\" data-elementor-id=\"68\" class=\"elementor elementor-68\" data-elementor-post-type=\"page\">\n\t\t\t\t\t\t<section class=\"elementor-section elementor-top-section elementor-element elementor-element-be89675 elementor-section-height-min-height elementor-section-boxed elementor-section-height-default elementor-section-items-middle\" data-id=\"be89675\" data-element_type=\"section\" data-e-type=\"section\" data-settings=\"{&quot;background_background&quot;:&quot;classic&quot;}\">\n\t\t\t\t\t\t\t<div class=\"elementor-background-overlay\"><\/div>\n\t\t\t\t\t\t\t<div class=\"elementor-container elementor-column-gap-default\">\n\t\t\t\t\t<div class=\"elementor-column elementor-col-100 elementor-top-column elementor-element elementor-element-d04b840\" data-id=\"d04b840\" data-element_type=\"column\" data-e-type=\"column\">\n\t\t\t<div class=\"elementor-widget-wrap elementor-element-populated\">\n\t\t\t\t\t\t<div class=\"elementor-element elementor-element-8784d7d elementor-widget elementor-widget-heading\" data-id=\"8784d7d\" data-element_type=\"widget\" data-e-type=\"widget\" data-widget_type=\"heading.default\">\n\t\t\t\t<div class=\"elementor-widget-container\">\n\t\t\t\t\t<h1 class=\"elementor-heading-title elementor-size-default\">Autoware<\/h1>\t\t\t\t<\/div>\n\t\t\t\t<\/div>\n\t\t\t\t\t<\/div>\n\t\t<\/div>\n\t\t\t\t\t<\/div>\n\t\t<\/section>\n\t\t\t\t<section class=\"elementor-section elementor-top-section elementor-element elementor-element-81ee304 elementor-section-boxed elementor-section-height-default elementor-section-height-default\" data-id=\"81ee304\" data-element_type=\"section\" data-e-type=\"section\">\n\t\t\t\t\t\t<div class=\"elementor-container elementor-column-gap-default\">\n\t\t\t\t\t<div class=\"elementor-column elementor-col-50 elementor-top-column elementor-element elementor-element-9b62607\" data-id=\"9b62607\" data-element_type=\"column\" data-e-type=\"column\">\n\t\t\t<div class=\"elementor-widget-wrap elementor-element-populated\">\n\t\t\t\t\t\t<div class=\"elementor-element elementor-element-d39c3dd elementor-widget elementor-widget-text-editor\" data-id=\"d39c3dd\" data-element_type=\"widget\" data-e-type=\"widget\" data-widget_type=\"text-editor.default\">\n\t\t\t\t<div class=\"elementor-widget-container\">\n\t\t\t\t\t\t\t\t\t<p>Autoware ofrece soluciones avanzadas para la gesti\u00f3n de manufactura, a trav\u00e9s del control y la supervisi\u00f3n de plantas, procesos y cadenas de suministro. A lo largo de casi 20 a\u00f1os de actividad, Autoware ha entregado m\u00e1s de 500 proyectos en  4 continentes, y se ha definido a s\u00ed misma como un fuerte socio para las empresas internacionales tales como F &amp; B, CPG y las industrias farmac\u00e9uticas.<\/p>\t\t\t\t\t\t\t\t<\/div>\n\t\t\t\t<\/div>\n\t\t\t\t<div class=\"elementor-element elementor-element-c0967aa elementor-widget elementor-widget-text-editor\" data-id=\"c0967aa\" data-element_type=\"widget\" data-e-type=\"widget\" data-widget_type=\"text-editor.default\">\n\t\t\t\t<div class=\"elementor-widget-container\">\n\t\t\t\t\t\t\t\t\t<p>Las soluciones de Autoware son:<\/p><ul><li>Precisas: son soluciones t\u00e9cnicas completas que aportan resultados a las empresas.<\/li><li>Est\u00e1ndares: los socios Autoware son conocidos proveedores de tecnolog\u00eda a nivel mundial para garantizar la continuidad.<\/li><li>Escalables y personalizadas: soluciones que crecen con la empresa y evolucionan con sus necesidades.<\/li><li>Innovative and reliable: &lt;br\/&gt;include 20 years of innovation experience in manufacturing IT.<\/li><\/ul>\t\t\t\t\t\t\t\t<\/div>\n\t\t\t\t<\/div>\n\t\t\t\t\t<\/div>\n\t\t<\/div>\n\t\t\t\t<div class=\"elementor-column elementor-col-50 elementor-top-column elementor-element elementor-element-bbfe55d\" data-id=\"bbfe55d\" data-element_type=\"column\" data-e-type=\"column\">\n\t\t\t<div class=\"elementor-widget-wrap elementor-element-populated\">\n\t\t\t\t\t\t<section class=\"elementor-section elementor-inner-section elementor-element elementor-element-08f0eef elementor-section-boxed elementor-section-height-default elementor-section-height-default elementor-invisible\" data-id=\"08f0eef\" data-element_type=\"section\" data-e-type=\"section\" data-settings=\"{&quot;background_background&quot;:&quot;classic&quot;,&quot;animation&quot;:&quot;fadeInRight&quot;}\">\n\t\t\t\t\t\t<div class=\"elementor-container elementor-column-gap-default\">\n\t\t\t\t\t<div class=\"elementor-column elementor-col-100 elementor-inner-column elementor-element elementor-element-2bc0c93\" data-id=\"2bc0c93\" data-element_type=\"column\" data-e-type=\"column\">\n\t\t\t<div class=\"elementor-widget-wrap elementor-element-populated\">\n\t\t\t\t\t\t<div class=\"elementor-element elementor-element-390baac elementor-widget elementor-widget-image\" data-id=\"390baac\" data-element_type=\"widget\" data-e-type=\"widget\" data-widget_type=\"image.default\">\n\t\t\t\t<div class=\"elementor-widget-container\">\n\t\t\t\t\t\t\t\t\t\t\t\t\t\t\t<img fetchpriority=\"high\" decoding=\"async\" width=\"690\" height=\"139\" src=\"https:\/\/www.automationalliance.net\/wp-content\/uploads\/2025\/11\/Autoware_Logo_Coesia_RGB_1.png\" class=\"attachment-large size-large wp-image-180\" alt=\"\" srcset=\"https:\/\/automationalli.wpenginepowered.com\/wp-content\/uploads\/2025\/11\/Autoware_Logo_Coesia_RGB_1.png 690w, https:\/\/automationalli.wpenginepowered.com\/wp-content\/uploads\/2025\/11\/Autoware_Logo_Coesia_RGB_1-300x60.png 300w, https:\/\/automationalli.wpenginepowered.com\/wp-content\/uploads\/2025\/11\/Autoware_Logo_Coesia_RGB_1-18x4.png 18w\" sizes=\"(max-width: 690px) 100vw, 690px\" \/>\t\t\t\t\t\t\t\t\t\t\t\t\t\t\t<\/div>\n\t\t\t\t<\/div>\n\t\t\t\t<div class=\"elementor-element elementor-element-7a217f1 elementor-widget elementor-widget-text-editor\" data-id=\"7a217f1\" data-element_type=\"widget\" data-e-type=\"widget\" data-widget_type=\"text-editor.default\">\n\t\t\t\t<div class=\"elementor-widget-container\">\n\t\t\t\t\t\t\t\t\t<h2>Company Information<\/h2><p><strong>Website:<\/strong> <a href=\"https:\/\/www.autoware.it\/\" target=\"_blank\" rel=\"noopener\">https:\/\/www.autoware.it\/<\/a><\/p><p><strong>E-mail:<\/strong> info@autoware.it<br \/><strong>Phone:<\/strong> +39 0444 164900<\/p><p><strong>Corporate Headquarters:<\/strong><br \/>Via dell\u2019Edilizia, 19<br \/>36100 Vicenza, VI<br \/>ITALY<\/p>\t\t\t\t\t\t\t\t<\/div>\n\t\t\t\t<\/div>\n\t\t\t\t\t<\/div>\n\t\t<\/div>\n\t\t\t\t\t<\/div>\n\t\t<\/section>\n\t\t\t\t\t<\/div>\n\t\t<\/div>\n\t\t\t\t\t<\/div>\n\t\t<\/section>\n\t\t\t\t<section class=\"elementor-section elementor-top-section elementor-element elementor-element-c25ecee elementor-section-boxed elementor-section-height-default elementor-section-height-default\" data-id=\"c25ecee\" data-element_type=\"section\" data-e-type=\"section\" data-settings=\"{&quot;background_background&quot;:&quot;classic&quot;}\">\n\t\t\t\t\t\t\t<div class=\"elementor-background-overlay\"><\/div>\n\t\t\t\t\t\t\t<div class=\"elementor-container elementor-column-gap-default\">\n\t\t\t\t\t<div class=\"elementor-column elementor-col-33 elementor-top-column elementor-element elementor-element-73f310a\" data-id=\"73f310a\" data-element_type=\"column\" data-e-type=\"column\" data-settings=\"{&quot;background_background&quot;:&quot;classic&quot;}\">\n\t\t\t<div class=\"elementor-widget-wrap elementor-element-populated\">\n\t\t\t\t\t\t<div class=\"elementor-element elementor-element-f6213e8 elementor-widget elementor-widget-heading\" data-id=\"f6213e8\" data-element_type=\"widget\" data-e-type=\"widget\" data-widget_type=\"heading.default\">\n\t\t\t\t<div class=\"elementor-widget-container\">\n\t\t\t\t\t<h2 class=\"elementor-heading-title elementor-size-default\">Logros \/ asociaciones<\/h2>\t\t\t\t<\/div>\n\t\t\t\t<\/div>\n\t\t\t\t<div class=\"elementor-element elementor-element-e7ac4c6 elementor-widget elementor-widget-text-editor\" data-id=\"e7ac4c6\" data-element_type=\"widget\" data-e-type=\"widget\" data-widget_type=\"text-editor.default\">\n\t\t\t\t<div class=\"elementor-widget-container\">\n\t\t\t\t\t\t\t\t\t<ul><li>Respaldado por Wonderware System Integrator<\/li><li>Socio Parsec certificado para la implementaci\u00f3n<\/li><li>Miembro certificado de la CSIA<\/li><li>Miembro MESA<\/li><\/ul>\t\t\t\t\t\t\t\t<\/div>\n\t\t\t\t<\/div>\n\t\t\t\t\t<\/div>\n\t\t<\/div>\n\t\t\t\t<div class=\"elementor-column elementor-col-33 elementor-top-column elementor-element elementor-element-9497ccb\" data-id=\"9497ccb\" data-element_type=\"column\" data-e-type=\"column\" data-settings=\"{&quot;background_background&quot;:&quot;classic&quot;}\">\n\t\t\t<div class=\"elementor-widget-wrap elementor-element-populated\">\n\t\t\t\t\t\t<div class=\"elementor-element elementor-element-9a80606 elementor-widget elementor-widget-heading\" data-id=\"9a80606\" data-element_type=\"widget\" data-e-type=\"widget\" data-widget_type=\"heading.default\">\n\t\t\t\t<div class=\"elementor-widget-container\">\n\t\t\t\t\t<h2 class=\"elementor-heading-title elementor-size-default\">Sectores principales<\/h2>\t\t\t\t<\/div>\n\t\t\t\t<\/div>\n\t\t\t\t<div class=\"elementor-element elementor-element-70c8368 elementor-widget elementor-widget-text-editor\" data-id=\"70c8368\" data-element_type=\"widget\" data-e-type=\"widget\" data-widget_type=\"text-editor.default\">\n\t\t\t\t<div class=\"elementor-widget-container\">\n\t\t\t\t\t\t\t\t\t<ul><li>Alimentos y bebidas<\/li><li>Farmac\u00e9utica<\/li><li>Empacadores de productos de consumo masivo<\/li><li>Sector de la salud<\/li><\/ul>\t\t\t\t\t\t\t\t<\/div>\n\t\t\t\t<\/div>\n\t\t\t\t\t<\/div>\n\t\t<\/div>\n\t\t\t\t<div class=\"elementor-column elementor-col-33 elementor-top-column elementor-element elementor-element-fa5915b\" data-id=\"fa5915b\" data-element_type=\"column\" data-e-type=\"column\" data-settings=\"{&quot;background_background&quot;:&quot;classic&quot;}\">\n\t\t\t<div class=\"elementor-widget-wrap elementor-element-populated\">\n\t\t\t\t\t\t<div class=\"elementor-element elementor-element-6f895a5 elementor-widget elementor-widget-heading\" data-id=\"6f895a5\" data-element_type=\"widget\" data-e-type=\"widget\" data-widget_type=\"heading.default\">\n\t\t\t\t<div class=\"elementor-widget-container\">\n\t\t\t\t\t<h2 class=\"elementor-heading-title elementor-size-default\">Servicios<\/h2>\t\t\t\t<\/div>\n\t\t\t\t<\/div>\n\t\t\t\t<div class=\"elementor-element elementor-element-bde519e elementor-widget elementor-widget-text-editor\" data-id=\"bde519e\" data-element_type=\"widget\" data-e-type=\"widget\" data-widget_type=\"text-editor.default\">\n\t\t\t\t<div class=\"elementor-widget-container\">\n\t\t\t\t\t\t\t\t\t<ul><li>Sistemas de ejecuci\u00f3n de manufactura (MES)<\/li><li>Internet de las cosas<\/li><li>Integraci\u00f3n ERP<\/li><li>Gesti\u00f3n energ\u00e9tica<\/li><li>Mantenimientos Industriales<\/li><li>TI industrial<\/li><li>Redes<\/li><li>Programaci\u00f3n PLC, HMI y SCADA<\/li><li>Puesta en marcha y validaci\u00f3n<\/li><li>Control de procesos discretos<\/li><li>Soporte 24\/7<\/li><\/ul>\t\t\t\t\t\t\t\t<\/div>\n\t\t\t\t<\/div>\n\t\t\t\t\t<\/div>\n\t\t<\/div>\n\t\t\t\t\t<\/div>\n\t\t<\/section>\n\t\t\t\t<section class=\"elementor-section elementor-top-section elementor-element elementor-element-b1d1c84 elementor-section-boxed elementor-section-height-default elementor-section-height-default\" data-id=\"b1d1c84\" data-element_type=\"section\" data-e-type=\"section\">\n\t\t\t\t\t\t<div class=\"elementor-container elementor-column-gap-default\">\n\t\t\t\t\t<div class=\"elementor-column elementor-col-100 elementor-top-column elementor-element elementor-element-6271bdf\" data-id=\"6271bdf\" data-element_type=\"column\" data-e-type=\"column\">\n\t\t\t<div class=\"elementor-widget-wrap elementor-element-populated\">\n\t\t\t\t\t\t<div class=\"elementor-element elementor-element-1adc071 elementor-widget elementor-widget-text-editor\" data-id=\"1adc071\" data-element_type=\"widget\" data-e-type=\"widget\" data-widget_type=\"text-editor.default\">\n\t\t\t\t<div class=\"elementor-widget-container\">\n\t\t\t\t\t\t\t\t\t<p>Para m\u00e1s informaci\u00f3n acerca de Autoware por favor visitar www.autoware.it o s\u00edguenos en las siguientes redes sociales:<\/p>\t\t\t\t\t\t\t\t<\/div>\n\t\t\t\t<\/div>\n\t\t\t\t<div class=\"elementor-element elementor-element-d0dfd40 elementor-widget elementor-widget-text-editor\" data-id=\"d0dfd40\" data-element_type=\"widget\" data-e-type=\"widget\" data-widget_type=\"text-editor.default\">\n\t\t\t\t<div class=\"elementor-widget-container\">\n\t\t\t\t\t\t\t\t\t<p>Facebook: <a href=\"https:\/\/www.facebook.com\/Autoware\" target=\"_blank\" rel=\"noopener\">https:\/\/www.facebook.com\/Autoware<\/a><\/p><p>Linkedin: <a href=\"https:\/\/www.linkedin.com\/company\/autoware\" target=\"_blank\" rel=\"noopener\">https:\/\/www.linkedin.com\/company\/autoware<\/a><\/p><p>Youtube: <a href=\"https:\/\/www.youtube.com\/user\/autowarechannel\" target=\"_blank\" rel=\"noopener\">https:\/\/www.youtube.com\/user\/autowarechannel<\/a><\/p><p>Twitter: <a href=\"https:\/\/twitter.com\/autoware_tweet\" target=\"_blank\" rel=\"noopener\">https:\/\/twitter.com\/autoware_tweet<\/a><\/p><p>G+: <a href=\"https:\/\/plus.google.com\/u\/0\/b\/113522560217904670882\/\" target=\"_blank\" rel=\"noopener\">https:\/\/plus.google.com\/u\/0\/b\/113522560217904670882\/<\/a><\/p>\t\t\t\t\t\t\t\t<\/div>\n\t\t\t\t<\/div>\n\t\t\t\t\t<\/div>\n\t\t<\/div>\n\t\t\t\t\t<\/div>\n\t\t<\/section>\n\t\t\t\t<\/div>","protected":false},"excerpt":{"rendered":"<p>Autoware Autoware provides advanced solutions for manufacturing management, through the control and supervision of plants, processes and supply chains. Throughout almost 20 years of activity, Autoware has delivered more than 500 projects encompassing 4 continents, and has defined itself as a strong partner for international companies such as F&amp;B, CPG and Pharma industries. Autoware Solutions [&hellip;]<\/p>\n","protected":false},"author":4,"featured_media":0,"parent":16,"menu_order":0,"comment_status":"closed","ping_status":"closed","template":"","meta":{"footnotes":""},"class_list":["post-68","page","type-page","status-publish","hentry"],"yoast_head":"<!-- This site is optimized with the Yoast SEO plugin v27.5 - https:\/\/yoast.com\/product\/yoast-seo-wordpress\/ -->\n<title>Autoware - Automation Alliance Group<\/title>\n<meta name=\"description\" content=\"Autoware provides advanced solutions for manufacturing management, through the control and supervision of plants, processes and supply chains.\" \/>\n<meta name=\"robots\" content=\"index, follow, max-snippet:-1, max-image-preview:large, max-video-preview:-1\" \/>\n<link rel=\"canonical\" href=\"https:\/\/www.automationalliance.net\/es\/members\/autoware\/\" \/>\n<meta property=\"og:locale\" content=\"es_ES\" \/>\n<meta property=\"og:type\" content=\"article\" \/>\n<meta property=\"og:title\" content=\"Autoware - Automation Alliance Group\" \/>\n<meta property=\"og:description\" content=\"Autoware provides advanced solutions for manufacturing management, through the control and supervision of plants, processes and supply chains.\" \/>\n<meta property=\"og:url\" content=\"https:\/\/www.automationalliance.net\/es\/members\/autoware\/\" \/>\n<meta property=\"og:site_name\" content=\"Automation Alliance Group\" \/>\n<meta property=\"article:modified_time\" content=\"2025-11-24T18:23:53+00:00\" \/>\n<meta property=\"og:image\" content=\"https:\/\/www.automationalliance.net\/wp-content\/uploads\/2025\/11\/Autoware_Logo_Coesia_RGB_1.png\" \/>\n\t<meta property=\"og:image:width\" content=\"690\" \/>\n\t<meta property=\"og:image:height\" content=\"139\" \/>\n\t<meta property=\"og:image:type\" content=\"image\/png\" \/>\n<meta name=\"twitter:card\" content=\"summary_large_image\" \/>\n<script type=\"application\/ld+json\" class=\"yoast-schema-graph\">{\"@context\":\"https:\\\/\\\/schema.org\",\"@graph\":[{\"@type\":\"WebPage\",\"@id\":\"https:\\\/\\\/www.automationalliance.net\\\/members\\\/autoware\\\/\",\"url\":\"https:\\\/\\\/www.automationalliance.net\\\/members\\\/autoware\\\/\",\"name\":\"Autoware - Automation Alliance Group\",\"isPartOf\":{\"@id\":\"https:\\\/\\\/www.automationalliance.net\\\/#website\"},\"primaryImageOfPage\":{\"@id\":\"https:\\\/\\\/www.automationalliance.net\\\/members\\\/autoware\\\/#primaryimage\"},\"image\":{\"@id\":\"https:\\\/\\\/www.automationalliance.net\\\/members\\\/autoware\\\/#primaryimage\"},\"thumbnailUrl\":\"https:\\\/\\\/www.automationalliance.net\\\/wp-content\\\/uploads\\\/2025\\\/11\\\/Autoware_Logo_Coesia_RGB_1.png\",\"datePublished\":\"2020-03-18T19:04:12+00:00\",\"dateModified\":\"2025-11-24T18:23:53+00:00\",\"description\":\"Autoware provides advanced solutions for manufacturing management, through the control and supervision of plants, processes and supply chains.\",\"breadcrumb\":{\"@id\":\"https:\\\/\\\/www.automationalliance.net\\\/members\\\/autoware\\\/#breadcrumb\"},\"inLanguage\":\"es\",\"potentialAction\":[{\"@type\":\"ReadAction\",\"target\":[\"https:\\\/\\\/www.automationalliance.net\\\/members\\\/autoware\\\/\"]}]},{\"@type\":\"ImageObject\",\"inLanguage\":\"es\",\"@id\":\"https:\\\/\\\/www.automationalliance.net\\\/members\\\/autoware\\\/#primaryimage\",\"url\":\"https:\\\/\\\/www.automationalliance.net\\\/wp-content\\\/uploads\\\/2025\\\/11\\\/Autoware_Logo_Coesia_RGB_1.png\",\"contentUrl\":\"https:\\\/\\\/www.automationalliance.net\\\/wp-content\\\/uploads\\\/2025\\\/11\\\/Autoware_Logo_Coesia_RGB_1.png\"},{\"@type\":\"BreadcrumbList\",\"@id\":\"https:\\\/\\\/www.automationalliance.net\\\/members\\\/autoware\\\/#breadcrumb\",\"itemListElement\":[{\"@type\":\"ListItem\",\"position\":1,\"name\":\"Home\",\"item\":\"https:\\\/\\\/www.automationalliance.net\\\/\"},{\"@type\":\"ListItem\",\"position\":2,\"name\":\"Members\",\"item\":\"https:\\\/\\\/www.automationalliance.net\\\/members\\\/\"},{\"@type\":\"ListItem\",\"position\":3,\"name\":\"Autoware\"}]},{\"@type\":\"WebSite\",\"@id\":\"https:\\\/\\\/www.automationalliance.net\\\/#website\",\"url\":\"https:\\\/\\\/www.automationalliance.net\\\/\",\"name\":\"Automation Alliance Group\",\"description\":\"\",\"potentialAction\":[{\"@type\":\"SearchAction\",\"target\":{\"@type\":\"EntryPoint\",\"urlTemplate\":\"https:\\\/\\\/www.automationalliance.net\\\/?s={search_term_string}\"},\"query-input\":{\"@type\":\"PropertyValueSpecification\",\"valueRequired\":true,\"valueName\":\"search_term_string\"}}],\"inLanguage\":\"es\"}]}<\/script>\n<!-- \/ Yoast SEO plugin. -->","yoast_head_json":{"title":"Autoware - Automation Alliance Group","description":"Autoware provides advanced solutions for manufacturing management, through the control and supervision of plants, processes and supply chains.","robots":{"index":"index","follow":"follow","max-snippet":"max-snippet:-1","max-image-preview":"max-image-preview:large","max-video-preview":"max-video-preview:-1"},"canonical":"https:\/\/www.automationalliance.net\/es\/members\/autoware\/","og_locale":"es_ES","og_type":"article","og_title":"Autoware - Automation Alliance Group","og_description":"Autoware provides advanced solutions for manufacturing management, through the control and supervision of plants, processes and supply chains.","og_url":"https:\/\/www.automationalliance.net\/es\/members\/autoware\/","og_site_name":"Automation Alliance Group","article_modified_time":"2025-11-24T18:23:53+00:00","og_image":[{"width":690,"height":139,"url":"https:\/\/www.automationalliance.net\/wp-content\/uploads\/2025\/11\/Autoware_Logo_Coesia_RGB_1.png","type":"image\/png"}],"twitter_card":"summary_large_image","schema":{"@context":"https:\/\/schema.org","@graph":[{"@type":"WebPage","@id":"https:\/\/www.automationalliance.net\/members\/autoware\/","url":"https:\/\/www.automationalliance.net\/members\/autoware\/","name":"Autoware - Automation Alliance Group","isPartOf":{"@id":"https:\/\/www.automationalliance.net\/#website"},"primaryImageOfPage":{"@id":"https:\/\/www.automationalliance.net\/members\/autoware\/#primaryimage"},"image":{"@id":"https:\/\/www.automationalliance.net\/members\/autoware\/#primaryimage"},"thumbnailUrl":"https:\/\/www.automationalliance.net\/wp-content\/uploads\/2025\/11\/Autoware_Logo_Coesia_RGB_1.png","datePublished":"2020-03-18T19:04:12+00:00","dateModified":"2025-11-24T18:23:53+00:00","description":"Autoware provides advanced solutions for manufacturing management, through the control and supervision of plants, processes and supply chains.","breadcrumb":{"@id":"https:\/\/www.automationalliance.net\/members\/autoware\/#breadcrumb"},"inLanguage":"es","potentialAction":[{"@type":"ReadAction","target":["https:\/\/www.automationalliance.net\/members\/autoware\/"]}]},{"@type":"ImageObject","inLanguage":"es","@id":"https:\/\/www.automationalliance.net\/members\/autoware\/#primaryimage","url":"https:\/\/www.automationalliance.net\/wp-content\/uploads\/2025\/11\/Autoware_Logo_Coesia_RGB_1.png","contentUrl":"https:\/\/www.automationalliance.net\/wp-content\/uploads\/2025\/11\/Autoware_Logo_Coesia_RGB_1.png"},{"@type":"BreadcrumbList","@id":"https:\/\/www.automationalliance.net\/members\/autoware\/#breadcrumb","itemListElement":[{"@type":"ListItem","position":1,"name":"Home","item":"https:\/\/www.automationalliance.net\/"},{"@type":"ListItem","position":2,"name":"Members","item":"https:\/\/www.automationalliance.net\/members\/"},{"@type":"ListItem","position":3,"name":"Autoware"}]},{"@type":"WebSite","@id":"https:\/\/www.automationalliance.net\/#website","url":"https:\/\/www.automationalliance.net\/","name":"Automation Alliance Group","description":"","potentialAction":[{"@type":"SearchAction","target":{"@type":"EntryPoint","urlTemplate":"https:\/\/www.automationalliance.net\/?s={search_term_string}"},"query-input":{"@type":"PropertyValueSpecification","valueRequired":true,"valueName":"search_term_string"}}],"inLanguage":"es"}]}},"_links":{"self":[{"href":"https:\/\/www.automationalliance.net\/es\/wp-json\/wp\/v2\/pages\/68","targetHints":{"allow":["GET"]}}],"collection":[{"href":"https:\/\/www.automationalliance.net\/es\/wp-json\/wp\/v2\/pages"}],"about":[{"href":"https:\/\/www.automationalliance.net\/es\/wp-json\/wp\/v2\/types\/page"}],"author":[{"embeddable":true,"href":"https:\/\/www.automationalliance.net\/es\/wp-json\/wp\/v2\/users\/4"}],"replies":[{"embeddable":true,"href":"https:\/\/www.automationalliance.net\/es\/wp-json\/wp\/v2\/comments?post=68"}],"version-history":[{"count":0,"href":"https:\/\/www.automationalliance.net\/es\/wp-json\/wp\/v2\/pages\/68\/revisions"}],"up":[{"embeddable":true,"href":"https:\/\/www.automationalliance.net\/es\/wp-json\/wp\/v2\/pages\/16"}],"wp:attachment":[{"href":"https:\/\/www.automationalliance.net\/es\/wp-json\/wp\/v2\/media?parent=68"}],"curies":[{"name":"wp","href":"https:\/\/api.w.org\/{rel}","templated":true}]}}