{"id":18,"date":"2020-03-06T06:27:35","date_gmt":"2020-03-06T14:27:35","guid":{"rendered":"http:\/\/automationalli.wpengine.com\/?page_id=18"},"modified":"2020-06-22T15:43:51","modified_gmt":"2020-06-22T22:43:51","slug":"why-aag","status":"publish","type":"page","link":"https:\/\/www.automationalliance.net\/es\/why-aag\/","title":{"rendered":"\u00bfPor Qu\u00e9 AAG?"},"content":{"rendered":"<div data-elementor-type=\"wp-page\" data-elementor-id=\"18\" class=\"elementor elementor-18\" data-elementor-post-type=\"page\">\n\t\t\t\t\t\t<section class=\"elementor-section elementor-top-section elementor-element elementor-element-f51769d elementor-section-height-min-height elementor-section-boxed elementor-section-height-default elementor-section-items-middle\" data-id=\"f51769d\" data-element_type=\"section\" data-e-type=\"section\" data-settings=\"{&quot;background_background&quot;:&quot;classic&quot;}\">\n\t\t\t\t\t\t\t<div class=\"elementor-background-overlay\"><\/div>\n\t\t\t\t\t\t\t<div class=\"elementor-container elementor-column-gap-default\">\n\t\t\t\t\t<div class=\"elementor-column elementor-col-100 elementor-top-column elementor-element elementor-element-b32aedb\" data-id=\"b32aedb\" data-element_type=\"column\" data-e-type=\"column\">\n\t\t\t<div class=\"elementor-widget-wrap elementor-element-populated\">\n\t\t\t\t\t\t<div class=\"elementor-element elementor-element-eff3bf5 elementor-widget elementor-widget-heading\" data-id=\"eff3bf5\" data-element_type=\"widget\" data-e-type=\"widget\" data-widget_type=\"heading.default\">\n\t\t\t\t<div class=\"elementor-widget-container\">\n\t\t\t\t\t<h1 class=\"elementor-heading-title elementor-size-default\">\u00bfPor Qu\u00e9 AAG?<\/h1>\t\t\t\t<\/div>\n\t\t\t\t<\/div>\n\t\t\t\t\t<\/div>\n\t\t<\/div>\n\t\t\t\t\t<\/div>\n\t\t<\/section>\n\t\t\t\t<section class=\"elementor-section elementor-top-section elementor-element elementor-element-1231717 elementor-section-boxed elementor-section-height-default elementor-section-height-default\" data-id=\"1231717\" data-element_type=\"section\" data-e-type=\"section\" data-settings=\"{&quot;background_background&quot;:&quot;classic&quot;}\">\n\t\t\t\t\t\t<div class=\"elementor-container elementor-column-gap-default\">\n\t\t\t\t\t<div class=\"elementor-column elementor-col-100 elementor-top-column elementor-element elementor-element-5b88beb elementor-invisible\" data-id=\"5b88beb\" data-element_type=\"column\" data-e-type=\"column\" data-settings=\"{&quot;background_background&quot;:&quot;classic&quot;,&quot;animation&quot;:&quot;fadeInUp&quot;}\">\n\t\t\t<div class=\"elementor-widget-wrap elementor-element-populated\">\n\t\t\t\t\t\t<div class=\"elementor-element elementor-element-250ab8d elementor-widget elementor-widget-text-editor\" data-id=\"250ab8d\" data-element_type=\"widget\" data-e-type=\"widget\" data-widget_type=\"text-editor.default\">\n\t\t\t\t<div class=\"elementor-widget-container\">\n\t\t\t\t\t\t\t\t\t<p>AAG se esfuerza por ser una opci\u00f3n confiable para los ejecutivos y due\u00f1os de negocios que est\u00e1n buscando un contratista de integraci\u00f3n y automatizaci\u00f3n de sistemas. Esta confianza viene de la excepcional calidad de las firmas que hacen parte de la alianza. Cada empresa es admitida despu\u00e9s de un examen riguroso y debe someterse a revisiones peri\u00f3dicas de calidad y de pares con el fin de continuar su membrec\u00eda en la Alianza.<\/p><p>Debido a que la Alianza facilita el acceso a una alta experiencia en todo el mundo, de manera colectiva los miembros pueden ayudar a reducir el riesgo de su negocio, reducir sus costos de implementaci\u00f3n y mejorar las operaciones de servicio dentro de sus mercados mundiales, a la vez que proporciona una mejor utilidad sobre su inversi\u00f3n. A trav\u00e9s de la Alianza, se obtiene un equipo internacional con gran profundidad que aporta experiencia local, saber-como y un valor agregado a las relaciones del proyecto.<\/p><p>Los miembros de la alianza son:<\/p><ul><li>Empresas de primer nivel que est\u00e1n bien establecidas<\/li><li>Ofrecen una gama completa de servicios necesarios para sus mercados<\/li><li>Tienen un alto conocimiento sobre los mercados y las relaciones locales<\/li><li>Son l\u00edderes en sus \u00e1reas de experiencia y grupos de la industria<\/li><li>Son l\u00edderes en el uso de la tecnolog\u00eda, mientras que se mantienen independientes de los proveedores y marcas<\/li><\/ul>\t\t\t\t\t\t\t\t<\/div>\n\t\t\t\t<\/div>\n\t\t\t\t\t<\/div>\n\t\t<\/div>\n\t\t\t\t\t<\/div>\n\t\t<\/section>\n\t\t\t\t<\/div>","protected":false},"excerpt":{"rendered":"<p>Why AAG? AAG strives to be a reliable choice for executives and business owners who are selecting an automation and systems integration contractor. This sense of confidence comes from the exceptional quality of individual member firms. Each company is admitted after careful scrutiny and must undergo regular quality and peer reviews in order to retain [&hellip;]<\/p>\n","protected":false},"author":2,"featured_media":0,"parent":0,"menu_order":0,"comment_status":"closed","ping_status":"closed","template":"","meta":{"footnotes":""},"class_list":["post-18","page","type-page","status-publish","hentry"],"yoast_head":"<!-- This site is optimized with the Yoast SEO plugin v27.6 - https:\/\/yoast.com\/product\/yoast-seo-wordpress\/ -->\n<title>Why AAG? - Automation Alliance Group<\/title>\n<meta name=\"description\" content=\"AAG strives to be a reliable choice for executives and business owners who are selecting an automation and systems integration contractor.\" \/>\n<meta name=\"robots\" content=\"index, follow, max-snippet:-1, max-image-preview:large, max-video-preview:-1\" \/>\n<link rel=\"canonical\" href=\"https:\/\/www.automationalliance.net\/es\/why-aag\/\" \/>\n<meta property=\"og:locale\" content=\"es_ES\" \/>\n<meta property=\"og:type\" content=\"article\" \/>\n<meta property=\"og:title\" content=\"Why AAG? - Automation Alliance Group\" \/>\n<meta property=\"og:description\" content=\"AAG strives to be a reliable choice for executives and business owners who are selecting an automation and systems integration contractor.\" \/>\n<meta property=\"og:url\" content=\"https:\/\/www.automationalliance.net\/es\/why-aag\/\" \/>\n<meta property=\"og:site_name\" content=\"Automation Alliance Group\" \/>\n<meta property=\"article:modified_time\" content=\"2020-06-22T22:43:51+00:00\" \/>\n<meta name=\"twitter:card\" content=\"summary_large_image\" \/>\n<meta name=\"twitter:label1\" content=\"Tiempo de lectura\" \/>\n\t<meta name=\"twitter:data1\" content=\"1 minuto\" \/>\n<script type=\"application\/ld+json\" class=\"yoast-schema-graph\">{\"@context\":\"https:\\\/\\\/schema.org\",\"@graph\":[{\"@type\":\"WebPage\",\"@id\":\"https:\\\/\\\/www.automationalliance.net\\\/why-aag\\\/\",\"url\":\"https:\\\/\\\/www.automationalliance.net\\\/why-aag\\\/\",\"name\":\"Why AAG? - Automation Alliance Group\",\"isPartOf\":{\"@id\":\"https:\\\/\\\/www.automationalliance.net\\\/#website\"},\"datePublished\":\"2020-03-06T14:27:35+00:00\",\"dateModified\":\"2020-06-22T22:43:51+00:00\",\"description\":\"AAG strives to be a reliable choice for executives and business owners who are selecting an automation and systems integration contractor.\",\"breadcrumb\":{\"@id\":\"https:\\\/\\\/www.automationalliance.net\\\/why-aag\\\/#breadcrumb\"},\"inLanguage\":\"es\",\"potentialAction\":[{\"@type\":\"ReadAction\",\"target\":[\"https:\\\/\\\/www.automationalliance.net\\\/why-aag\\\/\"]}]},{\"@type\":\"BreadcrumbList\",\"@id\":\"https:\\\/\\\/www.automationalliance.net\\\/why-aag\\\/#breadcrumb\",\"itemListElement\":[{\"@type\":\"ListItem\",\"position\":1,\"name\":\"Home\",\"item\":\"https:\\\/\\\/www.automationalliance.net\\\/\"},{\"@type\":\"ListItem\",\"position\":2,\"name\":\"Why AAG?\"}]},{\"@type\":\"WebSite\",\"@id\":\"https:\\\/\\\/www.automationalliance.net\\\/#website\",\"url\":\"https:\\\/\\\/www.automationalliance.net\\\/\",\"name\":\"Automation Alliance Group\",\"description\":\"\",\"potentialAction\":[{\"@type\":\"SearchAction\",\"target\":{\"@type\":\"EntryPoint\",\"urlTemplate\":\"https:\\\/\\\/www.automationalliance.net\\\/?s={search_term_string}\"},\"query-input\":{\"@type\":\"PropertyValueSpecification\",\"valueRequired\":true,\"valueName\":\"search_term_string\"}}],\"inLanguage\":\"es\"}]}<\/script>\n<!-- \/ Yoast SEO plugin. -->","yoast_head_json":{"title":"Why AAG? - Automation Alliance Group","description":"AAG strives to be a reliable choice for executives and business owners who are selecting an automation and systems integration contractor.","robots":{"index":"index","follow":"follow","max-snippet":"max-snippet:-1","max-image-preview":"max-image-preview:large","max-video-preview":"max-video-preview:-1"},"canonical":"https:\/\/www.automationalliance.net\/es\/why-aag\/","og_locale":"es_ES","og_type":"article","og_title":"Why AAG? - Automation Alliance Group","og_description":"AAG strives to be a reliable choice for executives and business owners who are selecting an automation and systems integration contractor.","og_url":"https:\/\/www.automationalliance.net\/es\/why-aag\/","og_site_name":"Automation Alliance Group","article_modified_time":"2020-06-22T22:43:51+00:00","twitter_card":"summary_large_image","twitter_misc":{"Tiempo de lectura":"1 minuto"},"schema":{"@context":"https:\/\/schema.org","@graph":[{"@type":"WebPage","@id":"https:\/\/www.automationalliance.net\/why-aag\/","url":"https:\/\/www.automationalliance.net\/why-aag\/","name":"Why AAG? - Automation Alliance Group","isPartOf":{"@id":"https:\/\/www.automationalliance.net\/#website"},"datePublished":"2020-03-06T14:27:35+00:00","dateModified":"2020-06-22T22:43:51+00:00","description":"AAG strives to be a reliable choice for executives and business owners who are selecting an automation and systems integration contractor.","breadcrumb":{"@id":"https:\/\/www.automationalliance.net\/why-aag\/#breadcrumb"},"inLanguage":"es","potentialAction":[{"@type":"ReadAction","target":["https:\/\/www.automationalliance.net\/why-aag\/"]}]},{"@type":"BreadcrumbList","@id":"https:\/\/www.automationalliance.net\/why-aag\/#breadcrumb","itemListElement":[{"@type":"ListItem","position":1,"name":"Home","item":"https:\/\/www.automationalliance.net\/"},{"@type":"ListItem","position":2,"name":"Why AAG?"}]},{"@type":"WebSite","@id":"https:\/\/www.automationalliance.net\/#website","url":"https:\/\/www.automationalliance.net\/","name":"Automation Alliance Group","description":"","potentialAction":[{"@type":"SearchAction","target":{"@type":"EntryPoint","urlTemplate":"https:\/\/www.automationalliance.net\/?s={search_term_string}"},"query-input":{"@type":"PropertyValueSpecification","valueRequired":true,"valueName":"search_term_string"}}],"inLanguage":"es"}]}},"_links":{"self":[{"href":"https:\/\/www.automationalliance.net\/es\/wp-json\/wp\/v2\/pages\/18","targetHints":{"allow":["GET"]}}],"collection":[{"href":"https:\/\/www.automationalliance.net\/es\/wp-json\/wp\/v2\/pages"}],"about":[{"href":"https:\/\/www.automationalliance.net\/es\/wp-json\/wp\/v2\/types\/page"}],"author":[{"embeddable":true,"href":"https:\/\/www.automationalliance.net\/es\/wp-json\/wp\/v2\/users\/2"}],"replies":[{"embeddable":true,"href":"https:\/\/www.automationalliance.net\/es\/wp-json\/wp\/v2\/comments?post=18"}],"version-history":[{"count":0,"href":"https:\/\/www.automationalliance.net\/es\/wp-json\/wp\/v2\/pages\/18\/revisions"}],"wp:attachment":[{"href":"https:\/\/www.automationalliance.net\/es\/wp-json\/wp\/v2\/media?parent=18"}],"curies":[{"name":"wp","href":"https:\/\/api.w.org\/{rel}","templated":true}]}}