{"id":17,"date":"2020-03-06T06:27:26","date_gmt":"2020-03-06T14:27:26","guid":{"rendered":"http:\/\/automationalli.wpengine.com\/?page_id=17"},"modified":"2022-05-10T09:16:14","modified_gmt":"2022-05-10T16:16:14","slug":"about-us","status":"publish","type":"page","link":"https:\/\/www.automationalliance.net\/es\/about-us\/","title":{"rendered":"NOSOTROS"},"content":{"rendered":"<div data-elementor-type=\"wp-page\" data-elementor-id=\"17\" class=\"elementor elementor-17\" data-elementor-post-type=\"page\">\n\t\t\t\t\t\t<section class=\"elementor-section elementor-top-section elementor-element elementor-element-ab922e2 elementor-section-height-min-height elementor-section-boxed elementor-section-height-default elementor-section-items-middle\" data-id=\"ab922e2\" data-element_type=\"section\" data-e-type=\"section\" data-settings=\"{&quot;background_background&quot;:&quot;classic&quot;}\">\n\t\t\t\t\t\t\t<div class=\"elementor-background-overlay\"><\/div>\n\t\t\t\t\t\t\t<div class=\"elementor-container elementor-column-gap-default\">\n\t\t\t\t\t<div class=\"elementor-column elementor-col-100 elementor-top-column elementor-element elementor-element-d5d552d\" data-id=\"d5d552d\" data-element_type=\"column\" data-e-type=\"column\">\n\t\t\t<div class=\"elementor-widget-wrap elementor-element-populated\">\n\t\t\t\t\t\t<div class=\"elementor-element elementor-element-37655a9 elementor-widget elementor-widget-heading\" data-id=\"37655a9\" data-element_type=\"widget\" data-e-type=\"widget\" data-widget_type=\"heading.default\">\n\t\t\t\t<div class=\"elementor-widget-container\">\n\t\t\t\t\t<h1 class=\"elementor-heading-title elementor-size-default\">NOSOTROS<\/h1>\t\t\t\t<\/div>\n\t\t\t\t<\/div>\n\t\t\t\t\t<\/div>\n\t\t<\/div>\n\t\t\t\t\t<\/div>\n\t\t<\/section>\n\t\t\t\t<section class=\"elementor-section elementor-top-section elementor-element elementor-element-cf240c0 elementor-section-boxed elementor-section-height-default elementor-section-height-default\" data-id=\"cf240c0\" data-element_type=\"section\" data-e-type=\"section\" data-settings=\"{&quot;background_background&quot;:&quot;classic&quot;}\">\n\t\t\t\t\t\t<div class=\"elementor-container elementor-column-gap-default\">\n\t\t\t\t\t<div class=\"elementor-column elementor-col-100 elementor-top-column elementor-element elementor-element-01ae2f0 elementor-invisible\" data-id=\"01ae2f0\" data-element_type=\"column\" data-e-type=\"column\" data-settings=\"{&quot;background_background&quot;:&quot;classic&quot;,&quot;animation&quot;:&quot;fadeInUp&quot;}\">\n\t\t\t<div class=\"elementor-widget-wrap elementor-element-populated\">\n\t\t\t\t\t\t<div class=\"elementor-element elementor-element-bb2080e elementor-widget elementor-widget-text-editor\" data-id=\"bb2080e\" data-element_type=\"widget\" data-e-type=\"widget\" data-widget_type=\"text-editor.default\">\n\t\t\t\t<div class=\"elementor-widget-container\">\n\t\t\t\t\t\t\t\t\t<p>La Automation Alliance Group naci\u00f3 de una visi\u00f3n de proporcionar conocimientos especializados en cuestiones t\u00e9cnicas, geogr\u00e1ficas y culturales de todo el mundo a trav\u00e9s de las principales empresas de integradoras de sistemas de control.<\/p><p>Cada miembro es un integrador independiente de sistemas de control que representa la experiencia dentro de un \u00e1rea geogr\u00e1fica o t\u00e9cnica en particular, y que sirve una amplia base de clientes locales e internacionales.<\/p><p>Los miembros de la alianza mantienen una autonom\u00eda completa y prestan servicios profesionales a sus clientes de forma separada e individual. Cuando es necesario, los miembros se unen para ofrecer una mayor experiencia, conocimiento global y beneficios financieros a sus clientes. Trabajando juntos, los miembros de la alianza son capaces de montar equipos de servicio sin precedentes para cualquier proyecto dado y ofrecen soluciones \u00e1giles, predecibles y rentables.<\/p><p>La Alianza est\u00e1 construida para ayudarle a manejar su negocio en todo el mundo. Los miembros de la AAG pueden intercambiar informaci\u00f3n profesional acerca de las pr\u00e1cticas locales y globales, as\u00ed como compartir ideas, lo que conduce a una mejora de la capacidad de cada miembro para satisfacer las demandas de sus clientes. Los miembros tienen un profundo conocimiento de las leyes locales, c\u00f3digos, costumbres y protocolos. Tambi\u00e9n tienen un profundo conocimiento del entorno empresarial y pol\u00edtico dentro de sus mercados. Mientras los miembros son buenos conocedores del paisaje local, tambi\u00e9n tienen un enfoque internacional, que les permite cumplir las necesidades de sus clientes a nivel mundial.<\/p>\t\t\t\t\t\t\t\t<\/div>\n\t\t\t\t<\/div>\n\t\t\t\t<div class=\"elementor-element elementor-element-f361014 elementor-widget elementor-widget-heading\" data-id=\"f361014\" data-element_type=\"widget\" data-e-type=\"widget\" data-widget_type=\"heading.default\">\n\t\t\t\t<div class=\"elementor-widget-container\">\n\t\t\t\t\t<h2 class=\"elementor-heading-title elementor-size-default\">Alcance del trabajo<\/h2>\t\t\t\t<\/div>\n\t\t\t\t<\/div>\n\t\t\t\t<div class=\"elementor-element elementor-element-5e8f254 elementor-widget elementor-widget-text-editor\" data-id=\"5e8f254\" data-element_type=\"widget\" data-e-type=\"widget\" data-widget_type=\"text-editor.default\">\n\t\t\t\t<div class=\"elementor-widget-container\">\n\t\t\t\t\t\t\t\t\t<ul><li>Asesoramiento<\/li><li>Gesti\u00f3n De Proyectos<\/li><li>Ingenier\u00eda y Dise\u00f1o de Sistemas<\/li><li>Programaci\u00f3n<\/li><li>Instalaci\u00f3n de campo y puesta en marcha<\/li><li>Entrenamiento<\/li><li>Soporte del sistema<\/li><li>MES (Manufacturing Execution Systems)<\/li><\/ul>\t\t\t\t\t\t\t\t<\/div>\n\t\t\t\t<\/div>\n\t\t\t\t\t<\/div>\n\t\t<\/div>\n\t\t\t\t\t<\/div>\n\t\t<\/section>\n\t\t\t\t<\/div>","protected":false},"excerpt":{"rendered":"<p>About Us The Automation Alliance Group was born from a vision to provide expertise in technical, geographical and cultural matters across the globe through leading control systems integration firms. Each member of the Alliance is an independent control systems integrator representing expertise within a particular geographic or technical area, and serving a broad base of [&hellip;]<\/p>\n","protected":false},"author":2,"featured_media":0,"parent":0,"menu_order":0,"comment_status":"closed","ping_status":"closed","template":"","meta":{"footnotes":""},"class_list":["post-17","page","type-page","status-publish","hentry"],"yoast_head":"<!-- This site is optimized with the Yoast SEO plugin v27.6 - https:\/\/yoast.com\/product\/yoast-seo-wordpress\/ -->\n<title>About Us - Automation Alliance Group<\/title>\n<meta name=\"description\" content=\"AAG was born from a vision to provide expertise in global technical, geographical &amp; cultural matters through leading control systems integration firms.\" \/>\n<meta name=\"robots\" content=\"index, follow, max-snippet:-1, max-image-preview:large, max-video-preview:-1\" \/>\n<link rel=\"canonical\" href=\"https:\/\/www.automationalliance.net\/es\/about-us\/\" \/>\n<meta property=\"og:locale\" content=\"es_ES\" \/>\n<meta property=\"og:type\" content=\"article\" \/>\n<meta property=\"og:title\" content=\"About Us - Automation Alliance Group\" \/>\n<meta property=\"og:description\" content=\"AAG was born from a vision to provide expertise in global technical, geographical &amp; cultural matters through leading control systems integration firms.\" \/>\n<meta property=\"og:url\" content=\"https:\/\/www.automationalliance.net\/es\/about-us\/\" \/>\n<meta property=\"og:site_name\" content=\"Automation Alliance Group\" \/>\n<meta property=\"article:modified_time\" content=\"2022-05-10T16:16:14+00:00\" \/>\n<meta name=\"twitter:card\" content=\"summary_large_image\" \/>\n<meta name=\"twitter:label1\" content=\"Tiempo de lectura\" \/>\n\t<meta name=\"twitter:data1\" content=\"2 minutos\" \/>\n<script type=\"application\/ld+json\" class=\"yoast-schema-graph\">{\"@context\":\"https:\\\/\\\/schema.org\",\"@graph\":[{\"@type\":\"WebPage\",\"@id\":\"https:\\\/\\\/www.automationalliance.net\\\/about-us\\\/\",\"url\":\"https:\\\/\\\/www.automationalliance.net\\\/about-us\\\/\",\"name\":\"About Us - Automation Alliance Group\",\"isPartOf\":{\"@id\":\"https:\\\/\\\/www.automationalliance.net\\\/#website\"},\"datePublished\":\"2020-03-06T14:27:26+00:00\",\"dateModified\":\"2022-05-10T16:16:14+00:00\",\"description\":\"AAG was born from a vision to provide expertise in global technical, geographical & cultural matters through leading control systems integration firms.\",\"breadcrumb\":{\"@id\":\"https:\\\/\\\/www.automationalliance.net\\\/about-us\\\/#breadcrumb\"},\"inLanguage\":\"es\",\"potentialAction\":[{\"@type\":\"ReadAction\",\"target\":[\"https:\\\/\\\/www.automationalliance.net\\\/about-us\\\/\"]}]},{\"@type\":\"BreadcrumbList\",\"@id\":\"https:\\\/\\\/www.automationalliance.net\\\/about-us\\\/#breadcrumb\",\"itemListElement\":[{\"@type\":\"ListItem\",\"position\":1,\"name\":\"Home\",\"item\":\"https:\\\/\\\/www.automationalliance.net\\\/\"},{\"@type\":\"ListItem\",\"position\":2,\"name\":\"About Us\"}]},{\"@type\":\"WebSite\",\"@id\":\"https:\\\/\\\/www.automationalliance.net\\\/#website\",\"url\":\"https:\\\/\\\/www.automationalliance.net\\\/\",\"name\":\"Automation Alliance Group\",\"description\":\"\",\"potentialAction\":[{\"@type\":\"SearchAction\",\"target\":{\"@type\":\"EntryPoint\",\"urlTemplate\":\"https:\\\/\\\/www.automationalliance.net\\\/?s={search_term_string}\"},\"query-input\":{\"@type\":\"PropertyValueSpecification\",\"valueRequired\":true,\"valueName\":\"search_term_string\"}}],\"inLanguage\":\"es\"}]}<\/script>\n<!-- \/ Yoast SEO plugin. -->","yoast_head_json":{"title":"About Us - Automation Alliance Group","description":"AAG was born from a vision to provide expertise in global technical, geographical & cultural matters through leading control systems integration firms.","robots":{"index":"index","follow":"follow","max-snippet":"max-snippet:-1","max-image-preview":"max-image-preview:large","max-video-preview":"max-video-preview:-1"},"canonical":"https:\/\/www.automationalliance.net\/es\/about-us\/","og_locale":"es_ES","og_type":"article","og_title":"About Us - Automation Alliance Group","og_description":"AAG was born from a vision to provide expertise in global technical, geographical & cultural matters through leading control systems integration firms.","og_url":"https:\/\/www.automationalliance.net\/es\/about-us\/","og_site_name":"Automation Alliance Group","article_modified_time":"2022-05-10T16:16:14+00:00","twitter_card":"summary_large_image","twitter_misc":{"Tiempo de lectura":"2 minutos"},"schema":{"@context":"https:\/\/schema.org","@graph":[{"@type":"WebPage","@id":"https:\/\/www.automationalliance.net\/about-us\/","url":"https:\/\/www.automationalliance.net\/about-us\/","name":"About Us - Automation Alliance Group","isPartOf":{"@id":"https:\/\/www.automationalliance.net\/#website"},"datePublished":"2020-03-06T14:27:26+00:00","dateModified":"2022-05-10T16:16:14+00:00","description":"AAG was born from a vision to provide expertise in global technical, geographical & cultural matters through leading control systems integration firms.","breadcrumb":{"@id":"https:\/\/www.automationalliance.net\/about-us\/#breadcrumb"},"inLanguage":"es","potentialAction":[{"@type":"ReadAction","target":["https:\/\/www.automationalliance.net\/about-us\/"]}]},{"@type":"BreadcrumbList","@id":"https:\/\/www.automationalliance.net\/about-us\/#breadcrumb","itemListElement":[{"@type":"ListItem","position":1,"name":"Home","item":"https:\/\/www.automationalliance.net\/"},{"@type":"ListItem","position":2,"name":"About Us"}]},{"@type":"WebSite","@id":"https:\/\/www.automationalliance.net\/#website","url":"https:\/\/www.automationalliance.net\/","name":"Automation Alliance Group","description":"","potentialAction":[{"@type":"SearchAction","target":{"@type":"EntryPoint","urlTemplate":"https:\/\/www.automationalliance.net\/?s={search_term_string}"},"query-input":{"@type":"PropertyValueSpecification","valueRequired":true,"valueName":"search_term_string"}}],"inLanguage":"es"}]}},"_links":{"self":[{"href":"https:\/\/www.automationalliance.net\/es\/wp-json\/wp\/v2\/pages\/17","targetHints":{"allow":["GET"]}}],"collection":[{"href":"https:\/\/www.automationalliance.net\/es\/wp-json\/wp\/v2\/pages"}],"about":[{"href":"https:\/\/www.automationalliance.net\/es\/wp-json\/wp\/v2\/types\/page"}],"author":[{"embeddable":true,"href":"https:\/\/www.automationalliance.net\/es\/wp-json\/wp\/v2\/users\/2"}],"replies":[{"embeddable":true,"href":"https:\/\/www.automationalliance.net\/es\/wp-json\/wp\/v2\/comments?post=17"}],"version-history":[{"count":0,"href":"https:\/\/www.automationalliance.net\/es\/wp-json\/wp\/v2\/pages\/17\/revisions"}],"wp:attachment":[{"href":"https:\/\/www.automationalliance.net\/es\/wp-json\/wp\/v2\/media?parent=17"}],"curies":[{"name":"wp","href":"https:\/\/api.w.org\/{rel}","templated":true}]}}